{"id":349,"date":"2023-07-06T19:48:17","date_gmt":"2023-07-06T19:48:17","guid":{"rendered":"https:\/\/rpighana.com\/?page_id=349"},"modified":"2024-07-24T11:17:38","modified_gmt":"2024-07-24T11:17:38","slug":"welcome-to-ghana","status":"publish","type":"page","link":"https:\/\/rpighana.com\/fr\/welcome-to-ghana\/","title":{"rendered":"Bienvenue au Ghana"},"content":{"rendered":"<div data-elementor-type=\"wp-page\" data-elementor-id=\"349\" class=\"elementor elementor-349\" data-elementor-post-type=\"page\">\n\t\t\t\t<div data-particle_enable=\"false\" data-particle-mobile-disabled=\"false\" class=\"elementor-element elementor-element-e1e48b8 e-flex e-con-boxed e-con e-parent\" data-id=\"e1e48b8\" data-element_type=\"container\" data-e-type=\"container\" data-settings=\"{&quot;background_background&quot;:&quot;classic&quot;}\">\n\t\t\t\t\t<div class=\"e-con-inner\">\n\t\t\t\t<div class=\"elementor-element elementor-element-7c8cf0c1 animated-slow elementor-invisible elementor-widget elementor-widget-heading\" data-id=\"7c8cf0c1\" data-element_type=\"widget\" data-e-type=\"widget\" data-settings=\"{&quot;_animation&quot;:&quot;slideInUp&quot;}\" data-widget_type=\"heading.default\">\n\t\t\t\t\t<h2 class=\"elementor-heading-title elementor-size-default\">Bienvenue au Ghana !<\/h2>\t\t\t\t<\/div>\n\t\t\t\t<div class=\"elementor-element elementor-element-479faf7 elementor-widget elementor-widget-heading\" data-id=\"479faf7\" data-element_type=\"widget\" data-e-type=\"widget\" data-widget_type=\"heading.default\">\n\t\t\t\t\t<h2 class=\"elementor-heading-title elementor-size-default\">Besoin de visa, transport et vaccination.<\/h2>\t\t\t\t<\/div>\n\t\t\t\t\t<\/div>\n\t\t\t\t<\/div>\n\t\t<div data-particle_enable=\"false\" data-particle-mobile-disabled=\"false\" class=\"elementor-element elementor-element-8450194 e-con-full e-flex e-con e-parent\" data-id=\"8450194\" data-element_type=\"container\" data-e-type=\"container\" data-settings=\"{&quot;background_background&quot;:&quot;classic&quot;}\">\n\t\t\t\t<div class=\"elementor-element elementor-element-9698031 e-n-tabs-mobile elementor-widget elementor-widget-n-tabs\" data-id=\"9698031\" data-element_type=\"widget\" data-e-type=\"widget\" data-settings=\"{&quot;tabs_justify_horizontal&quot;:&quot;center&quot;,&quot;horizontal_scroll&quot;:&quot;disable&quot;}\" data-widget_type=\"nested-tabs.default\">\n\t\t\t\t\t\t\t<div class=\"e-n-tabs\" data-widget-number=\"157909041\" aria-label=\"Onglets. Ouvrez des \u00e9l\u00e9ments avec Entrer ou Espace, fermez-les avec Echape et naviguez \u00e0 l&#039;aide des touches fl\u00e9ch\u00e9es.\" data-no-translation-aria-label=\"\">\n\t\t\t<div class=\"e-n-tabs-heading\" role=\"tablist\">\n\t\t\t\t\t<button id=\"e-n-tab-title-1579090411\" data-tab-title-id=\"e-n-tab-title-1579090411\" class=\"e-n-tab-title elementor-animation-sink\" aria-selected=\"true\" data-tab-index=\"1\" role=\"tab\" tabindex=\"0\" aria-controls=\"e-n-tab-content-1579090411\" style=\"--n-tabs-title-order: 1;\">\n\t\t\t\t\t\t<span class=\"e-n-tab-title-text\">\n\t\t\t\tExigences de visa \t\t\t<\/span>\n\t\t<\/button>\n\t\t\t\t<button id=\"e-n-tab-title-1579090412\" data-tab-title-id=\"e-n-tab-title-1579090412\" class=\"e-n-tab-title elementor-animation-sink\" aria-selected=\"false\" data-tab-index=\"2\" role=\"tab\" tabindex=\"-1\" aria-controls=\"e-n-tab-content-1579090412\" style=\"--n-tabs-title-order: 2;\">\n\t\t\t\t\t\t<span class=\"e-n-tab-title-text\">\n\t\t\t\tTransport \t\t\t<\/span>\n\t\t<\/button>\n\t\t\t\t<button id=\"e-n-tab-title-1579090413\" data-tab-title-id=\"e-n-tab-title-1579090413\" class=\"e-n-tab-title elementor-animation-sink\" aria-selected=\"false\" data-tab-index=\"3\" role=\"tab\" tabindex=\"-1\" aria-controls=\"e-n-tab-content-1579090413\" style=\"--n-tabs-title-order: 3;\">\n\t\t\t\t\t\t<span class=\"e-n-tab-title-text\">\n\t\t\t\tPrise en charge \u00e0 l\u2019a\u00e9roport \/ gare routi\u00e8re\t\t\t<\/span>\n\t\t<\/button>\n\t\t\t\t\t<\/div>\n\t\t\t<div class=\"e-n-tabs-content\">\n\t\t\t\t<div data-particle_enable=\"false\" data-particle-mobile-disabled=\"false\" id=\"e-n-tab-content-1579090411\" role=\"tabpanel\" aria-labelledby=\"e-n-tab-title-1579090411\" data-tab-index=\"1\" style=\"--n-tabs-title-order: 1;\" class=\"e-active elementor-element elementor-element-750faf9 e-con-full e-flex e-con e-child\" data-id=\"750faf9\" data-element_type=\"container\" data-e-type=\"container\">\n\t\t<div data-particle_enable=\"false\" data-particle-mobile-disabled=\"false\" class=\"elementor-element elementor-element-9e1bd01 e-con-full e-flex e-con e-child\" data-id=\"9e1bd01\" data-element_type=\"container\" data-e-type=\"container\" data-settings=\"{&quot;background_background&quot;:&quot;classic&quot;}\">\n\t\t\t\t<div class=\"elementor-element elementor-element-775b055 elementor-widget elementor-widget-image\" data-id=\"775b055\" data-element_type=\"widget\" data-e-type=\"widget\" data-widget_type=\"image.default\">\n\t\t\t\t\t\t\t\t\t\t\t\t\t\t\t<img fetchpriority=\"high\" decoding=\"async\" width=\"474\" height=\"315\" src=\"https:\/\/rpighana.com\/wp-content\/uploads\/2023\/08\/VISA.jpeg\" class=\"attachment-large size-large wp-image-1079\" alt=\"\" srcset=\"https:\/\/rpighana.com\/wp-content\/uploads\/2023\/08\/VISA.jpeg 474w, https:\/\/rpighana.com\/wp-content\/uploads\/2023\/08\/VISA-300x199.jpeg 300w, https:\/\/rpighana.com\/wp-content\/uploads\/2023\/08\/VISA-200x133.jpeg 200w\" sizes=\"(max-width: 474px) 100vw, 474px\" \/>\t\t\t\t\t\t\t\t\t\t\t\t\t\t\t<\/div>\n\t\t\t\t<\/div>\n\t\t<div data-particle_enable=\"false\" data-particle-mobile-disabled=\"false\" class=\"elementor-element elementor-element-eda469f e-con-full e-flex e-con e-child\" data-id=\"eda469f\" data-element_type=\"container\" data-e-type=\"container\">\n\t\t\t\t<div class=\"elementor-element elementor-element-6cd154e elementor-widget elementor-widget-text-editor\" data-id=\"6cd154e\" data-element_type=\"widget\" data-e-type=\"widget\" data-widget_type=\"text-editor.default\">\n\t\t\t\t\t\t\t\t\t<p style=\"color: #020297; font-size: 16px; font-weight: bold;\">Visa<\/p><p>Il est recommand\u00e9 de contacter notre administration avant votre arriv\u00e9e pour confirmer si un visa est n\u00e9cessaire pour votre voyage et s\u00e9jour d'\u00e9tudes au Ghana.<\/p><p style=\"color: #020297; font-size: 16px;\"><strong>Vaccination<\/strong><\/p><p>Veuillez vous assurer de poss\u00e9der une carte de vaccination internationale valide avant votre arriv\u00e9e.<\/p><p style=\"color: #020297; font-size: 16px;\"><strong>Carte d'identit\u00e9 de non-citoyen<\/strong><\/p><p>Une carte d\u2019identit\u00e9 pour le Non-citoyen ou carte d\u2019identit\u00e9 pour etranger est un document officiel d\u2019identification d\u00e9livr\u00e9 aux etrangers residant dans le pays n\u2019ayant pas la nationalit\u00e9.  Il sert d\u2019une preuve de r\u00e9sidence et d\u2019identit\u00e9 l\u00e9gale et est d\u00e9livr\u00e9 sp\u00e9cialement par le service d\u2019immigration ou l\u2019autorit\u00e9 gouvernementale habilit\u00e9e.\u00e9cifiques<\/p><h6><strong><span style=\"color: #000080;\">Pour obtenir une carte d'identit\u00e9 pour non-citoyens (Non-Citizen Ghana Card) au Ghana, suivez ces \u00e9tapes :<\/span><\/strong><\/h6><ol><li><p><strong>Achat d'une Carte \u00e0 Gratter FIMS :<\/strong>Tout d'abord, achetez une carte \u00e0 gratter du Foreign Identification Management System (FIMS). Cela peut se faire dans n'importe quelle succursale de CAL Bank ou au centre Premium Lounge de la NIA. La carte \u00e0 gratter co\u00fbte 120 $ et est n\u00e9cessaire pour le processus d'enregistrement<span class=\"\" data-state=\"closed\"><span class=\"text-token-text-secondary\"> (<\/span><a class=\"text-green-600 !no-underline\" href=\"https:\/\/www.vfsglobal.com\/nia\/ghana\/How_to_Register.html\" target=\"_blank\" rel=\"noopener noreferrer\">https:\/\/www.vfsglobal.com\/nia\/ghana\/How_to_Register.html<\/a><span class=\"text-token-text-secondary\">)<\/span><\/span>\u200b\u200b \u200b.<\/p><\/li><li><p><strong>Remplissage du Formulaire de Demande :<\/strong>T\u00e9l\u00e9chargez et compl\u00e9tez le formulaire de demande sur le site web de FIMS ou obtenez-le au centre d'enregistrement. Assurez-vous que tous les d\u00e9tails personnels sont remplis avec pr\u00e9cision.<\/p><\/li><li><p><strong>Visite d'un Centre d'Enregistrement :<\/strong>Apportez le formulaire de demande rempli et la carte \u00e0 gratter FIMS \u00e0 un centre d'enregistrement d\u00e9sign\u00e9. Pr\u00e9sentez ces documents \u00e0 l'agent d'enregistrement.<\/p><\/li><li><p><strong>Fournir les Documents Requis :<\/strong>Vous devrez fournir votre passeport et un permis de r\u00e9sidence valide. Assurez-vous que tous les documents sont \u00e0 jour et exacts\u200b (VFS Global)\u200b.<span class=\"\" data-state=\"closed\"><span class=\"text-token-text-secondary\"> (<\/span><a class=\"text-green-600 !no-underline\" href=\"https:\/\/www.vfsglobal.com\/nia\/ghana\/How_to_Register.html\" target=\"_blank\" rel=\"noopener noreferrer\">https:\/\/www.vfsglobal.com\/nia\/ghana\/How_to_Register.html<\/a><span class=\"text-token-text-secondary\">)<\/span><\/span>\u200b.<\/p><\/li><li><p><strong>Capture des Donn\u00e9es Biom\u00e9triques :<\/strong>Au centre d'enregistrement, vos donn\u00e9es biom\u00e9triques (empreintes digitales, photographie et \u00e9ventuellement scan de l'iris) seront captur\u00e9es pour la carte d'identit\u00e9\u200b.<\/p><\/li><li><p><strong>\u00c9mission de la Carte :<\/strong>Apr\u00e8s une inscription r\u00e9ussie, la Non-Citizen Ghana Card sera \u00e9mise. La carte est utilis\u00e9e pour l'identification lors de diverses transactions au Ghana et est n\u00e9cessaire pour se conformer aux lois et r\u00e9glementations locales\u200b.<\/p><\/li><\/ol>\t\t\t\t\t\t\t\t<\/div>\n\t\t\t\t<\/div>\n\t\t\t\t<\/div>\n\t\t<div data-particle_enable=\"false\" data-particle-mobile-disabled=\"false\" id=\"e-n-tab-content-1579090412\" role=\"tabpanel\" aria-labelledby=\"e-n-tab-title-1579090412\" data-tab-index=\"2\" style=\"--n-tabs-title-order: 2;\" class=\"elementor-element elementor-element-a514fd4 e-con-full e-flex e-con e-child\" data-id=\"a514fd4\" data-element_type=\"container\" data-e-type=\"container\">\n\t\t<div data-particle_enable=\"false\" data-particle-mobile-disabled=\"false\" class=\"elementor-element elementor-element-f09e05e e-con-full e-flex e-con e-child\" data-id=\"f09e05e\" data-element_type=\"container\" data-e-type=\"container\" data-settings=\"{&quot;background_background&quot;:&quot;classic&quot;}\">\n\t\t\t\t<div class=\"elementor-element elementor-element-5ba9bce elementor-widget elementor-widget-image\" data-id=\"5ba9bce\" data-element_type=\"widget\" data-e-type=\"widget\" data-widget_type=\"image.default\">\n\t\t\t\t\t\t\t\t\t\t\t\t\t\t\t<img decoding=\"async\" width=\"318\" height=\"246\" src=\"https:\/\/rpighana.com\/wp-content\/uploads\/2023\/08\/TNT.jpg\" class=\"attachment-large size-large wp-image-1081\" alt=\"\" srcset=\"https:\/\/rpighana.com\/wp-content\/uploads\/2023\/08\/TNT.jpg 318w, https:\/\/rpighana.com\/wp-content\/uploads\/2023\/08\/TNT-300x232.jpg 300w, https:\/\/rpighana.com\/wp-content\/uploads\/2023\/08\/TNT-200x155.jpg 200w\" sizes=\"(max-width: 318px) 100vw, 318px\" \/>\t\t\t\t\t\t\t\t\t\t\t\t\t\t\t<\/div>\n\t\t\t\t<\/div>\n\t\t<div data-particle_enable=\"false\" data-particle-mobile-disabled=\"false\" class=\"elementor-element elementor-element-a899110 e-con-full e-flex e-con e-child\" data-id=\"a899110\" data-element_type=\"container\" data-e-type=\"container\">\n\t\t\t\t<div class=\"elementor-element elementor-element-1383ff0 elementor-widget elementor-widget-text-editor\" data-id=\"1383ff0\" data-element_type=\"widget\" data-e-type=\"widget\" data-widget_type=\"text-editor.default\">\n\t\t\t\t\t\t\t\t\t<p style=\"color: #020297;\"><strong>Voyager par la route<\/strong><\/p><p class=\"translation-block\">Soci\u00e9t\u00e9s de Transport de bonne reputation \nS\u2019il s\u2019agit de votre premi\u00e8re fois \u00e0 voyager par route sur le Ghana, nous vous sugg\u00e9rons l\u2019utilisation des services des soci\u00e9t\u00e9s de transport de bonne reputation.  Nous vous recommendons les suivantes<\/p><ul><li>STC<\/li><li>ABC<\/li><li>Cross Country<\/li><li>UTB<\/li><li>STIF<\/li><li>IMPERIAL<\/li><\/ul><p>Ces soci\u00e9t\u00e9s ont fait prevue d\u2019une bonne reputation et peuvent assurer des voyages fiables et en toute s\u00e9curit\u00e9.<\/p><p style=\"color: #020297;\"><strong>Transport public<\/strong><\/p><p>Si vous avez besoin d'informations sur les transports en commun, n'h\u00e9sitez pas \u00e0 nous contacter avant votre arriv\u00e9e. Nous serons heureux de vous aider.<\/p><p style=\"color: #020297;\"><strong>Voyager par air<\/strong><\/p><p class=\"translation-block\">Si votre choix est de voyager par air sur Accra,  veuillez prendre les dispositions n\u00e9cessaires appropri\u00e9es avec votre compagnie a\u00e9rienne pr\u00e9f\u00e9r\u00e9e. En suivant ces directives et en tenant compte de ces informations fournies,  votre voyage sur le Ghana sera agr\u00e9able et vous serez bien inform\u00e9.<\/p>\t\t\t\t\t\t\t\t<\/div>\n\t\t\t\t<\/div>\n\t\t\t\t<\/div>\n\t\t<div data-particle_enable=\"false\" data-particle-mobile-disabled=\"false\" id=\"e-n-tab-content-1579090413\" role=\"tabpanel\" aria-labelledby=\"e-n-tab-title-1579090413\" data-tab-index=\"3\" style=\"--n-tabs-title-order: 3;\" class=\"elementor-element elementor-element-72f3ab2 e-con-full e-flex e-con e-child\" data-id=\"72f3ab2\" data-element_type=\"container\" data-e-type=\"container\" data-settings=\"{&quot;background_background&quot;:&quot;classic&quot;}\">\n\t\t<div data-particle_enable=\"false\" data-particle-mobile-disabled=\"false\" class=\"elementor-element elementor-element-8dedcf7 e-con-full e-flex e-con e-child\" data-id=\"8dedcf7\" data-element_type=\"container\" data-e-type=\"container\" data-settings=\"{&quot;background_background&quot;:&quot;classic&quot;}\">\n\t\t\t\t<div class=\"elementor-element elementor-element-ae3aa0b elementor-widget elementor-widget-image\" data-id=\"ae3aa0b\" data-element_type=\"widget\" data-e-type=\"widget\" data-widget_type=\"image.default\">\n\t\t\t\t\t\t\t\t\t\t\t\t\t\t\t<img decoding=\"async\" width=\"800\" height=\"416\" src=\"https:\/\/rpighana.com\/wp-content\/uploads\/2023\/08\/PICKUP-1024x533.jpeg\" class=\"attachment-large size-large wp-image-1080\" alt=\"\" srcset=\"https:\/\/rpighana.com\/wp-content\/uploads\/2023\/08\/PICKUP-1024x533.jpeg 1024w, https:\/\/rpighana.com\/wp-content\/uploads\/2023\/08\/PICKUP-300x156.jpeg 300w, https:\/\/rpighana.com\/wp-content\/uploads\/2023\/08\/PICKUP-768x400.jpeg 768w, https:\/\/rpighana.com\/wp-content\/uploads\/2023\/08\/PICKUP-1536x800.jpeg 1536w, https:\/\/rpighana.com\/wp-content\/uploads\/2023\/08\/PICKUP-200x104.jpeg 200w, https:\/\/rpighana.com\/wp-content\/uploads\/2023\/08\/PICKUP.jpeg 1600w\" sizes=\"(max-width: 800px) 100vw, 800px\" \/>\t\t\t\t\t\t\t\t\t\t\t\t\t\t\t<\/div>\n\t\t\t\t<\/div>\n\t\t<div data-particle_enable=\"false\" data-particle-mobile-disabled=\"false\" class=\"elementor-element elementor-element-7b26aae e-con-full e-flex e-con e-child\" data-id=\"7b26aae\" data-element_type=\"container\" data-e-type=\"container\">\n\t\t\t\t<div class=\"elementor-element elementor-element-00b261c elementor-widget elementor-widget-heading\" data-id=\"00b261c\" data-element_type=\"widget\" data-e-type=\"widget\" data-widget_type=\"heading.default\">\n\t\t\t\t\t<h2 class=\"elementor-heading-title elementor-size-default\">Service de navette<\/h2>\t\t\t\t<\/div>\n\t\t\t\t<div class=\"elementor-element elementor-element-316fbdf elementor-widget elementor-widget-text-editor\" data-id=\"316fbdf\" data-element_type=\"widget\" data-e-type=\"widget\" data-widget_type=\"text-editor.default\">\n\t\t\t\t\t\t\t\t\t<p class=\"translation-block\">A Rubbenson Professional Institute, nous sommes conscients que l\u2019arriv\u00e9e dans un pays peut \u00eatre \u00e0 la fois passionnante et bouleversante.  Pour assurer une transition paisible et la bienvenue \u00e0 notre institution, nous offrons un service de navette \u00e0 partir de l\u2019a\u00e9roport \u00e0 nos \u00e9tudiants \u00e9trangers.<\/p><p class=\"translation-block\">\u00c0 votre arriv\u00e9e, un membre sympathique de notre personnel vous attendra \u00e0 l\u2019a\u00e9roport pour vous assister dans votre d\u00e9placement au lieu indiqu\u00e9 d\u2019h\u00e9bergement ou du campus.  Notre objectif est de rendre votre arriv\u00e9e aussi confortable et sans tracas si possible.<\/p><p class=\"translation-block\">Pour b\u00e9n\u00e9ficier de notre service de navette, veuillez nous fournir les informations d\u00e9taill\u00e9es de votre voyage \u00e0 savoir votre date et heure d\u2019arriv\u00e9e, et le num\u00e9ro du vol lors de l\u2019enregistrement.  Ceci nous permettra de programmer votre service de navette et d\u2019assurer que quelqu\u2019un sera l\u00e0 pour vous accueillir \u00e0 l\u2019arriv\u00e9e.<\/p><p class=\"translation-block\">N\u2019h\u00e9sitez pas \u00e0 contacter nos services pour \u00e9tudiant \u00e9tranger \u00e0 pickup@rpighana.com et whatsapp N\u1d52 +233552479662 si vous avez besoin de plus d\u2019informations relativement \u00e0 notre service de navette ou autre aspect concernant votre arriv\u00e9e.  Nous sommes ici pour vous assister et d\u2019assurer que votre transition \u00e0 Rubbenson Professional Institute soit agr\u00e9able et inoubliable.  Nous esp\u00e9rons vous rencontrer sous peu.<\/p><p>\u00a0<\/p>\t\t\t\t\t\t\t\t<\/div>\n\t\t\t\t<\/div>\n\t\t\t\t<\/div>\n\t\t\t\t\t<\/div>\n\t\t<\/div>\n\t\t\t\t\t\t<\/div>\n\t\t\t\t<\/div>\n\t\t\t\t<\/div>","protected":false},"excerpt":{"rendered":"<p>Welcome to Ghana! Visa Requirements, transportation and Vaccination Visa Requirements Transportation Options Pick-up from the Airport\/Bus station Visa It is recommended that you contact our administration prior to your arrival to confirm if a visa is necessary for your travel and study in Ghana. Vaccination Please ensure that you possess a valid international vaccination card [&hellip;]<\/p>\n","protected":false},"author":1,"featured_media":0,"parent":0,"menu_order":0,"comment_status":"closed","ping_status":"closed","template":"","meta":{"_joinchat":[],"footnotes":""},"class_list":["post-349","page","type-page","status-publish","hentry"],"_links":{"self":[{"href":"https:\/\/rpighana.com\/fr\/wp-json\/wp\/v2\/pages\/349","targetHints":{"allow":["GET"]}}],"collection":[{"href":"https:\/\/rpighana.com\/fr\/wp-json\/wp\/v2\/pages"}],"about":[{"href":"https:\/\/rpighana.com\/fr\/wp-json\/wp\/v2\/types\/page"}],"author":[{"embeddable":true,"href":"https:\/\/rpighana.com\/fr\/wp-json\/wp\/v2\/users\/1"}],"replies":[{"embeddable":true,"href":"https:\/\/rpighana.com\/fr\/wp-json\/wp\/v2\/comments?post=349"}],"version-history":[{"count":74,"href":"https:\/\/rpighana.com\/fr\/wp-json\/wp\/v2\/pages\/349\/revisions"}],"predecessor-version":[{"id":3295,"href":"https:\/\/rpighana.com\/fr\/wp-json\/wp\/v2\/pages\/349\/revisions\/3295"}],"wp:attachment":[{"href":"https:\/\/rpighana.com\/fr\/wp-json\/wp\/v2\/media?parent=349"}],"curies":[{"name":"wp","href":"https:\/\/api.w.org\/{rel}","templated":true}]}}