{"id":343,"date":"2023-07-06T19:42:17","date_gmt":"2023-07-06T19:42:17","guid":{"rendered":"https:\/\/rpighana.com\/?page_id=343"},"modified":"2025-12-20T01:43:33","modified_gmt":"2025-12-20T01:43:33","slug":"accommodation","status":"publish","type":"page","link":"https:\/\/rpighana.com\/fr\/accommodation\/","title":{"rendered":"H\u00c9BERGEMENT"},"content":{"rendered":"<div data-elementor-type=\"wp-page\" data-elementor-id=\"343\" class=\"elementor elementor-343\" data-elementor-post-type=\"page\">\n\t\t\t\t<div data-particle_enable=\"false\" data-particle-mobile-disabled=\"false\" class=\"elementor-element elementor-element-16270c57 e-con-full e-flex e-con e-parent\" data-id=\"16270c57\" data-element_type=\"container\" data-e-type=\"container\" data-settings=\"{&quot;background_background&quot;:&quot;classic&quot;}\">\n\t\t\t\t<div class=\"elementor-element elementor-element-3415e020 animated-slow elementor-invisible elementor-widget elementor-widget-heading\" data-id=\"3415e020\" data-element_type=\"widget\" data-e-type=\"widget\" data-settings=\"{&quot;_animation&quot;:&quot;slideInUp&quot;}\" data-widget_type=\"heading.default\">\n\t\t\t\t\t<h2 class=\"elementor-heading-title elementor-size-default\">Nous adaptons nos plans \u00e0 vos besoins.<\/h2>\t\t\t\t<\/div>\n\t\t\t\t<div class=\"elementor-element elementor-element-57293b84 animated-slow elementor-invisible elementor-widget elementor-widget-heading\" data-id=\"57293b84\" data-element_type=\"widget\" data-e-type=\"widget\" data-settings=\"{&quot;_animation&quot;:&quot;slideInUp&quot;}\" data-widget_type=\"heading.default\">\n\t\t\t\t\t<h2 class=\"elementor-heading-title elementor-size-default\">Nous comprenons que chaque Etudiant a besoin d\u2019une attention et d\u2019un soutien personnalis\u00e9s.<\/h2>\t\t\t\t<\/div>\n\t\t\t\t<\/div>\n\t\t<div data-particle_enable=\"false\" data-particle-mobile-disabled=\"false\" class=\"elementor-element elementor-element-9267cc2 e-flex e-con-boxed e-con e-parent\" data-id=\"9267cc2\" data-element_type=\"container\" data-e-type=\"container\">\n\t\t\t\t\t<div class=\"e-con-inner\">\n\t\t\t\t<div class=\"elementor-element elementor-element-2fa59cb elementor-widget elementor-widget-heading\" data-id=\"2fa59cb\" data-element_type=\"widget\" data-e-type=\"widget\" data-widget_type=\"heading.default\">\n\t\t\t\t\t<h2 class=\"elementor-heading-title elementor-size-default\">H\u00e9bergement<\/h2>\t\t\t\t<\/div>\n\t\t\t\t\t<\/div>\n\t\t\t\t<\/div>\n\t\t<div data-particle_enable=\"false\" data-particle-mobile-disabled=\"false\" class=\"elementor-element elementor-element-7b8dedd e-flex e-con-boxed e-con e-parent\" data-id=\"7b8dedd\" data-element_type=\"container\" data-e-type=\"container\">\n\t\t\t\t\t<div class=\"e-con-inner\">\n\t\t\t\t<div class=\"elementor-element elementor-element-9d6fc3d elementor-widget elementor-widget-text-editor\" data-id=\"9d6fc3d\" data-element_type=\"widget\" data-e-type=\"widget\" data-widget_type=\"text-editor.default\">\n\t\t\t\t\t\t\t\t\t<p class=\"translation-block\">Rubbenson Professional Institute a \u00e9tabli un partenariat pr\u00e9cieux avec les auberges de la r\u00e9gion. Ce partenariat offre aux \u00e9tudiants une option d\u2019h\u00e9bergement pratique et fiable tout en \u00e9tudiant \u00e0 l\u2019institut.<\/p>\n<p>Pour obtenir une place dans l\u2019une de ces auberges, les \u00e9tudiants sont tenus de payer une r\u00e9servation. Cela garantit que leur h\u00e9bergement choisi est s\u00e9curis\u00e9 et r\u00e9serv\u00e9 exclusivement pour eux. En outre, les \u00e9tudiants sont \u00e9galement tenus de payer leurs frais d\u2019admission et une partie de leurs frais de scolarit\u00e9.<\/p>\n<p class=\"translation-block\">Cette approche garantit non seulement aux \u00e9tudiants un endroit o\u00f9 s\u00e9journer pendant leur temps \u00e0 l\u2019institut professionnel Rubbenson, mais simplifie \u00e9galement les aspects financiers de leur parcours \u00e9ducatif. En combinant l\u2019h\u00e9bergement et les frais de scolarit\u00e9, les \u00e9tudiants peuvent facilement g\u00e9rer leurs obligations financi\u00e8res.<\/p>\n<p><\/p>\t\t\t\t\t\t\t\t<\/div>\n\t\t\t\t\t<\/div>\n\t\t\t\t<\/div>\n\t\t<div data-particle_enable=\"false\" data-particle-mobile-disabled=\"false\" class=\"elementor-element elementor-element-a94b226 e-flex e-con-boxed e-con e-parent\" data-id=\"a94b226\" data-element_type=\"container\" data-e-type=\"container\">\n\t\t\t\t\t<div class=\"e-con-inner\">\n\t\t<div data-particle_enable=\"false\" data-particle-mobile-disabled=\"false\" class=\"elementor-element elementor-element-69e7a97 e-con-full e-flex e-con e-child\" data-id=\"69e7a97\" data-element_type=\"container\" data-e-type=\"container\">\n\t\t<div data-particle_enable=\"false\" data-particle-mobile-disabled=\"false\" class=\"elementor-element elementor-element-2f4c198 e-flex e-con-boxed e-con e-child\" data-id=\"2f4c198\" data-element_type=\"container\" data-e-type=\"container\">\n\t\t\t\t\t<div class=\"e-con-inner\">\n\t\t\t\t<div class=\"elementor-element elementor-element-acd7e85 elementor-widget elementor-widget-image\" data-id=\"acd7e85\" data-element_type=\"widget\" data-e-type=\"widget\" data-widget_type=\"image.default\">\n\t\t\t\t\t\t\t\t\t\t\t\t\t\t\t<img fetchpriority=\"high\" decoding=\"async\" width=\"800\" height=\"467\" src=\"https:\/\/rpighana.com\/wp-content\/uploads\/2023\/09\/11-1024x598.jpg\" class=\"attachment-large size-large wp-image-1898\" alt=\"\" srcset=\"https:\/\/rpighana.com\/wp-content\/uploads\/2023\/09\/11-1024x598.jpg 1024w, https:\/\/rpighana.com\/wp-content\/uploads\/2023\/09\/11-300x175.jpg 300w, https:\/\/rpighana.com\/wp-content\/uploads\/2023\/09\/11-768x448.jpg 768w, https:\/\/rpighana.com\/wp-content\/uploads\/2023\/09\/11-1536x897.jpg 1536w, https:\/\/rpighana.com\/wp-content\/uploads\/2023\/09\/11-2048x1196.jpg 2048w, https:\/\/rpighana.com\/wp-content\/uploads\/2023\/09\/11.jpg 1600w\" sizes=\"(max-width: 800px) 100vw, 800px\" \/>\t\t\t\t\t\t\t\t\t\t\t\t\t\t\t<\/div>\n\t\t\t\t\t<\/div>\n\t\t\t\t<\/div>\n\t\t\t\t<\/div>\n\t\t<div data-particle_enable=\"false\" data-particle-mobile-disabled=\"false\" class=\"elementor-element elementor-element-cc30e81 e-con-full e-flex e-con e-child\" data-id=\"cc30e81\" data-element_type=\"container\" data-e-type=\"container\">\n\t\t\t\t<div class=\"elementor-element elementor-element-1063edf elementor-widget elementor-widget-image\" data-id=\"1063edf\" data-element_type=\"widget\" data-e-type=\"widget\" data-widget_type=\"image.default\">\n\t\t\t\t\t\t\t\t\t\t\t\t\t\t\t<img decoding=\"async\" width=\"800\" height=\"577\" src=\"https:\/\/rpighana.com\/wp-content\/uploads\/2025\/12\/hebergement.jpg\" class=\"attachment-large size-large wp-image-5934\" alt=\"hebergement\" srcset=\"https:\/\/rpighana.com\/wp-content\/uploads\/2025\/12\/hebergement.jpg 1024w, https:\/\/rpighana.com\/wp-content\/uploads\/2025\/12\/hebergement-300x217.jpg 300w, https:\/\/rpighana.com\/wp-content\/uploads\/2025\/12\/hebergement-768x554.jpg 768w, https:\/\/rpighana.com\/wp-content\/uploads\/2025\/12\/hebergement-18x12.jpg 18w\" sizes=\"(max-width: 800px) 100vw, 800px\" \/>\t\t\t\t\t\t\t\t\t\t\t\t\t\t\t<\/div>\n\t\t\t\t<\/div>\n\t\t\t\t\t<\/div>\n\t\t\t\t<\/div>\n\t\t\t\t<\/div>","protected":false},"excerpt":{"rendered":"<p>Find comfortable and affordable accommodation options for students at Rubbenson Professional Institute. Our housing facilities provide a safe and convenient environment to support your studies and student life<\/p>","protected":false},"author":1,"featured_media":0,"parent":0,"menu_order":0,"comment_status":"closed","ping_status":"closed","template":"","meta":{"_joinchat":[],"footnotes":""},"class_list":["post-343","page","type-page","status-publish","hentry"],"_links":{"self":[{"href":"https:\/\/rpighana.com\/fr\/wp-json\/wp\/v2\/pages\/343","targetHints":{"allow":["GET"]}}],"collection":[{"href":"https:\/\/rpighana.com\/fr\/wp-json\/wp\/v2\/pages"}],"about":[{"href":"https:\/\/rpighana.com\/fr\/wp-json\/wp\/v2\/types\/page"}],"author":[{"embeddable":true,"href":"https:\/\/rpighana.com\/fr\/wp-json\/wp\/v2\/users\/1"}],"replies":[{"embeddable":true,"href":"https:\/\/rpighana.com\/fr\/wp-json\/wp\/v2\/comments?post=343"}],"version-history":[{"count":32,"href":"https:\/\/rpighana.com\/fr\/wp-json\/wp\/v2\/pages\/343\/revisions"}],"predecessor-version":[{"id":5937,"href":"https:\/\/rpighana.com\/fr\/wp-json\/wp\/v2\/pages\/343\/revisions\/5937"}],"wp:attachment":[{"href":"https:\/\/rpighana.com\/fr\/wp-json\/wp\/v2\/media?parent=343"}],"curies":[{"name":"wp","href":"https:\/\/api.w.org\/{rel}","templated":true}]}}