{"id":12,"date":"2023-06-20T19:26:05","date_gmt":"2023-06-20T19:26:05","guid":{"rendered":"https:\/\/rpighana.com\/?page_id=12"},"modified":"2025-03-21T01:18:58","modified_gmt":"2025-03-21T01:18:58","slug":"admissions","status":"publish","type":"page","link":"https:\/\/rpighana.com\/fr\/admissions\/","title":{"rendered":"ADMISSIONS"},"content":{"rendered":"<div data-elementor-type=\"wp-page\" data-elementor-id=\"12\" class=\"elementor elementor-12\" data-elementor-post-type=\"page\">\n\t\t\t\t\t\t<section data-particle_enable=\"false\" data-particle-mobile-disabled=\"false\" class=\"elementor-section elementor-top-section elementor-element elementor-element-0e6ebc9 elementor-section-height-min-height elementor-section-boxed elementor-section-height-default elementor-section-items-middle\" data-id=\"0e6ebc9\" data-element_type=\"section\" data-e-type=\"section\" data-settings=\"{&quot;background_background&quot;:&quot;classic&quot;}\">\n\t\t\t\t\t\t<div class=\"elementor-container elementor-column-gap-default\">\n\t\t\t\t\t<div class=\"elementor-column elementor-col-50 elementor-top-column elementor-element elementor-element-293e669\" data-id=\"293e669\" data-element_type=\"column\" data-e-type=\"column\">\n\t\t\t<div class=\"elementor-widget-wrap elementor-element-populated\">\n\t\t\t\t\t\t<div class=\"elementor-element elementor-element-4d3b871 elementor-widget elementor-widget-heading\" data-id=\"4d3b871\" data-element_type=\"widget\" data-e-type=\"widget\" data-widget_type=\"heading.default\">\n\t\t\t\t\t<h2 class=\"elementor-heading-title elementor-size-default\">2024\/2025<\/h2>\t\t\t\t<\/div>\n\t\t\t\t<div class=\"elementor-element elementor-element-4ce31bd elementor-widget elementor-widget-heading\" data-id=\"4ce31bd\" data-element_type=\"widget\" data-e-type=\"widget\" data-widget_type=\"heading.default\">\n\t\t\t\t\t<h2 class=\"elementor-heading-title elementor-size-default\">ADMISSION A TOUS LES DEPARTEMENTS<\/h2>\t\t\t\t<\/div>\n\t\t\t\t<section data-particle_enable=\"false\" data-particle-mobile-disabled=\"false\" class=\"elementor-section elementor-inner-section elementor-element elementor-element-102e767 elementor-section-boxed elementor-section-height-default elementor-section-height-default\" data-id=\"102e767\" data-element_type=\"section\" data-e-type=\"section\">\n\t\t\t\t\t\t<div class=\"elementor-container elementor-column-gap-default\">\n\t\t\t\t\t<div class=\"elementor-column elementor-col-25 elementor-inner-column elementor-element elementor-element-68c74c1\" data-id=\"68c74c1\" data-element_type=\"column\" data-e-type=\"column\">\n\t\t\t<div class=\"elementor-widget-wrap elementor-element-populated\">\n\t\t\t\t\t\t<div class=\"elementor-element elementor-element-b460e28 elementor-widget elementor-widget-heading\" data-id=\"b460e28\" data-element_type=\"widget\" data-e-type=\"widget\" data-widget_type=\"heading.default\">\n\t\t\t\t\t<h2 class=\"elementor-heading-title elementor-size-default\">LANGUE<\/h2>\t\t\t\t<\/div>\n\t\t\t\t\t<\/div>\n\t\t<\/div>\n\t\t\t\t<div class=\"elementor-column elementor-col-25 elementor-inner-column elementor-element elementor-element-bf82991\" data-id=\"bf82991\" data-element_type=\"column\" data-e-type=\"column\">\n\t\t\t<div class=\"elementor-widget-wrap elementor-element-populated\">\n\t\t\t\t\t\t<div class=\"elementor-element elementor-element-3158fa9 elementor-widget elementor-widget-heading\" data-id=\"3158fa9\" data-element_type=\"widget\" data-e-type=\"widget\" data-widget_type=\"heading.default\">\n\t\t\t\t\t<h2 class=\"elementor-heading-title elementor-size-default\">INFORMATIQUE<\/h2>\t\t\t\t<\/div>\n\t\t\t\t\t<\/div>\n\t\t<\/div>\n\t\t\t\t<div class=\"elementor-column elementor-col-25 elementor-inner-column elementor-element elementor-element-5cef1bf\" data-id=\"5cef1bf\" data-element_type=\"column\" data-e-type=\"column\">\n\t\t\t<div class=\"elementor-widget-wrap elementor-element-populated\">\n\t\t\t\t\t\t<div class=\"elementor-element elementor-element-4369de4 elementor-widget elementor-widget-heading\" data-id=\"4369de4\" data-element_type=\"widget\" data-e-type=\"widget\" data-widget_type=\"heading.default\">\n\t\t\t\t\t<h2 class=\"elementor-heading-title elementor-size-default\">COMMERCIAL<\/h2>\t\t\t\t<\/div>\n\t\t\t\t\t<\/div>\n\t\t<\/div>\n\t\t\t\t<div class=\"elementor-column elementor-col-25 elementor-inner-column elementor-element elementor-element-4e71169\" data-id=\"4e71169\" data-element_type=\"column\" data-e-type=\"column\">\n\t\t\t<div class=\"elementor-widget-wrap elementor-element-populated\">\n\t\t\t\t\t\t<div class=\"elementor-element elementor-element-4c65b54 elementor-widget elementor-widget-heading\" data-id=\"4c65b54\" data-element_type=\"widget\" data-e-type=\"widget\" data-widget_type=\"heading.default\">\n\t\t\t\t\t<h2 class=\"elementor-heading-title elementor-size-default\">AVIATION<\/h2>\t\t\t\t<\/div>\n\t\t\t\t\t<\/div>\n\t\t<\/div>\n\t\t\t\t\t<\/div>\n\t\t<\/section>\n\t\t\t\t\t<\/div>\n\t\t<\/div>\n\t\t\t\t<div class=\"elementor-column elementor-col-50 elementor-top-column elementor-element elementor-element-c431b08\" data-id=\"c431b08\" data-element_type=\"column\" data-e-type=\"column\">\n\t\t\t<div class=\"elementor-widget-wrap elementor-element-populated\">\n\t\t\t\t\t\t<div class=\"elementor-element elementor-element-f13360d elementor-widget__width-initial elementor-widget elementor-widget-image\" data-id=\"f13360d\" data-element_type=\"widget\" data-e-type=\"widget\" data-widget_type=\"image.default\">\n\t\t\t\t\t\t\t\t\t\t\t\t\t\t\t<img fetchpriority=\"high\" decoding=\"async\" width=\"321\" height=\"382\" src=\"https:\/\/rpighana.com\/wp-content\/uploads\/2023\/07\/image-removebg-preview-8.png\" class=\"attachment-full size-full wp-image-355\" alt=\"\" srcset=\"https:\/\/rpighana.com\/wp-content\/uploads\/2023\/07\/image-removebg-preview-8.png 321w, https:\/\/rpighana.com\/wp-content\/uploads\/2023\/07\/image-removebg-preview-8-252x300.png 252w, https:\/\/rpighana.com\/wp-content\/uploads\/2023\/07\/image-removebg-preview-8-200x238.png 200w\" sizes=\"(max-width: 321px) 100vw, 321px\" \/>\t\t\t\t\t\t\t\t\t\t\t\t\t\t\t<\/div>\n\t\t\t\t\t<\/div>\n\t\t<\/div>\n\t\t\t\t\t<\/div>\n\t\t<\/section>\n\t\t\t\t<section data-particle_enable=\"false\" data-particle-mobile-disabled=\"false\" class=\"elementor-section elementor-top-section elementor-element elementor-element-0300121 elementor-section-boxed elementor-section-height-default elementor-section-height-default\" data-id=\"0300121\" data-element_type=\"section\" data-e-type=\"section\">\n\t\t\t\t\t\t<div class=\"elementor-container elementor-column-gap-default\">\n\t\t\t\t\t<div class=\"elementor-column elementor-col-100 elementor-top-column elementor-element elementor-element-025e6b9\" data-id=\"025e6b9\" data-element_type=\"column\" data-e-type=\"column\">\n\t\t\t<div class=\"elementor-widget-wrap elementor-element-populated\">\n\t\t\t\t\t\t<div class=\"elementor-element elementor-element-6a829c8 elementor-widget elementor-widget-heading\" data-id=\"6a829c8\" data-element_type=\"widget\" data-e-type=\"widget\" data-widget_type=\"heading.default\">\n\t\t\t\t\t<h2 class=\"elementor-heading-title elementor-size-default\">Crit\u00e8re d\u2019Admission<\/h2>\t\t\t\t<\/div>\n\t\t\t\t<div class=\"elementor-element elementor-element-9c5e618 elementor-widget-divider--view-line elementor-widget elementor-widget-divider\" data-id=\"9c5e618\" data-element_type=\"widget\" data-e-type=\"widget\" data-widget_type=\"divider.default\">\n\t\t\t\t\t\t\t<div class=\"elementor-divider\">\n\t\t\t<span class=\"elementor-divider-separator\">\n\t\t\t\t\t\t<\/span>\n\t\t<\/div>\n\t\t\t\t\t\t<\/div>\n\t\t\t\t\t<\/div>\n\t\t<\/div>\n\t\t\t\t\t<\/div>\n\t\t<\/section>\n\t\t<div data-particle_enable=\"false\" data-particle-mobile-disabled=\"false\" class=\"elementor-element elementor-element-e01526a e-flex e-con-boxed e-con e-parent\" data-id=\"e01526a\" data-element_type=\"container\" data-e-type=\"container\" data-settings=\"{&quot;background_background&quot;:&quot;classic&quot;}\">\n\t\t\t\t\t<div class=\"e-con-inner\">\n\t\t\t\t<div class=\"elementor-element elementor-element-f246726 elementor-widget elementor-widget-heading\" data-id=\"f246726\" data-element_type=\"widget\" data-e-type=\"widget\" data-widget_type=\"heading.default\">\n\t\t\t\t\t<h2 class=\"elementor-heading-title elementor-size-default\">Admission en G\u00e9n\u00e9ral<\/h2>\t\t\t\t<\/div>\n\t\t\t\t<div class=\"elementor-element elementor-element-3515974 elementor-widget elementor-widget-text-editor\" data-id=\"3515974\" data-element_type=\"widget\" data-e-type=\"widget\" data-widget_type=\"text-editor.default\">\n\t\t\t\t\t\t\t\t\t<hr \/><p><strong>Fournir les Documents Requis :<\/strong><\/p><ul><li><strong>Certificat Acad\u00e9mique<\/strong> Copie officielle de l'\u00e9tablissement pr\u00e9c\u00e9dent.<\/li><li><strong>Passeport\/Carte d'identit\u00e9 nationale<\/strong> Photocopie claire.<\/li><li><strong>Photos:<\/strong> Deux photos d'identit\u00e9 r\u00e9centes de format passeport, avec un fond blanc.<\/li><li><strong>Frais d'inscription<\/strong> Non remboursables ; payables en Gh\u00a2, $, \u20ac, ou \u00a3.<\/li><li><strong>Frais de scolarit\u00e9<\/strong> Le paiement \u00e0 temps  est requis pour garantir l'admission.<\/li><\/ul><p><strong>Observation<\/strong> Tous les frais sont non remboursables. Les paiements peuvent \u00eatre effectu\u00e9s en esp\u00e8ces, par ch\u00e8que ou par mobile money dans les devises accept\u00e9es.<\/p><ul style=\"margin-top: 0in;\" type=\"disc\"><li class=\"MsoNormal\"><b>Acceptance and Enrollment:<\/b> Accepted students will receive an acceptance letter outlining enrollment terms and conditions. For any questions or assistance, please contact our admissions team<\/li><\/ul>\t\t\t\t\t\t\t\t<\/div>\n\t\t\t\t\t<\/div>\n\t\t\t\t<\/div>\n\t\t<div data-particle_enable=\"false\" data-particle-mobile-disabled=\"false\" class=\"elementor-element elementor-element-d88c001 e-flex e-con-boxed e-con e-parent\" data-id=\"d88c001\" data-element_type=\"container\" data-e-type=\"container\">\n\t\t\t\t\t<div class=\"e-con-inner\">\n\t\t\t\t<div class=\"elementor-element elementor-element-4f60e7b e-n-tabs-mobile elementor-widget elementor-widget-n-tabs\" data-id=\"4f60e7b\" data-element_type=\"widget\" data-e-type=\"widget\" data-widget_type=\"nested-tabs.default\">\n\t\t\t\t\t\t\t<div class=\"e-n-tabs\" data-widget-number=\"83234427\" aria-label=\"Onglets. Ouvrez des \u00e9l\u00e9ments avec Entrer ou Espace, fermez-les avec Echape et naviguez \u00e0 l&#039;aide des touches fl\u00e9ch\u00e9es.\" data-no-translation-aria-label=\"\">\n\t\t\t<div class=\"e-n-tabs-heading\" role=\"tablist\">\n\t\t\t\t\t<button id=\"e-n-tab-title-832344271\" data-tab-title-id=\"e-n-tab-title-832344271\" class=\"e-n-tab-title\" aria-selected=\"true\" data-tab-index=\"1\" role=\"tab\" tabindex=\"0\" aria-controls=\"e-n-tab-content-832344271\" style=\"--n-tabs-title-order: 1;\">\n\t\t\t\t\t\t<span class=\"e-n-tab-title-text\">\n\t\t\t\t Directives pour les \u00c9tudiants en Administration, Traduction et BOAM\t\t\t<\/span>\n\t\t<\/button>\n\t\t\t\t<button id=\"e-n-tab-title-832344272\" data-tab-title-id=\"e-n-tab-title-832344272\" class=\"e-n-tab-title\" aria-selected=\"false\" data-tab-index=\"2\" role=\"tab\" tabindex=\"-1\" aria-controls=\"e-n-tab-content-832344272\" style=\"--n-tabs-title-order: 2;\">\n\t\t\t\t\t\t<span class=\"e-n-tab-title-text\">\n\t\t\t\t Requirements for Business, and Aviation students\t\t\t<\/span>\n\t\t<\/button>\n\t\t\t\t<button id=\"e-n-tab-title-832344273\" data-tab-title-id=\"e-n-tab-title-832344273\" class=\"e-n-tab-title\" aria-selected=\"false\" data-tab-index=\"3\" role=\"tab\" tabindex=\"-1\" aria-controls=\"e-n-tab-content-832344273\" style=\"--n-tabs-title-order: 3;\">\n\t\t\t\t\t\t<span class=\"e-n-tab-title-text\">\n\t\t\t\tSchool Fees and Registration Payment Options\t\t\t<\/span>\n\t\t<\/button>\n\t\t\t\t\t<\/div>\n\t\t\t<div class=\"e-n-tabs-content\">\n\t\t\t\t<div data-particle_enable=\"false\" data-particle-mobile-disabled=\"false\" id=\"e-n-tab-content-832344271\" role=\"tabpanel\" aria-labelledby=\"e-n-tab-title-832344271\" data-tab-index=\"1\" style=\"--n-tabs-title-order: 1;\" class=\"e-active elementor-element elementor-element-b0be056 e-con-full e-flex e-con e-child\" data-id=\"b0be056\" data-element_type=\"container\" data-e-type=\"container\" data-settings=\"{&quot;background_background&quot;:&quot;classic&quot;}\">\n\t\t<div data-particle_enable=\"false\" data-particle-mobile-disabled=\"false\" class=\"elementor-element elementor-element-b7570af e-con-full e-flex e-con e-child\" data-id=\"b7570af\" data-element_type=\"container\" data-e-type=\"container\">\n\t\t\t\t<div class=\"elementor-element elementor-element-867ba03 elementor-widget elementor-widget-text-editor\" data-id=\"867ba03\" data-element_type=\"widget\" data-e-type=\"widget\" data-widget_type=\"text-editor.default\">\n\t\t\t\t\t\t\t\t\t<pre><span style=\"color: #ff0000;\"><strong>BOAM:<\/strong><\/span><em><span style=\"color: #ff0000;\"> Assistanat de Direction Bilingue\u00a0<\/span><\/em><strong><br \/><\/strong><\/pre><hr \/><p><strong>Anglophones\u00a0 with<\/strong><\/p><p><strong>WASSCE<\/strong><\/p><ul><li>Admissions (D ou mieux) dans les mati\u00e8res fondamentales, y compris la langue anglaise et les math\u00e9matiques.<\/li><li>\u2022 Moyenne avec mention (A1-C6) dans trois mati\u00e8res optionnelles pertinentes, y compris le fran\u00e7ais.<\/li><\/ul><p><strong>SSSCE<\/strong><\/p><ul><li>Admissions (D ou mieux) dans les mati\u00e8res fondamentales, y compris la langue anglaise et les math\u00e9matiques.<\/li><li>\u2022Moyenneavec mention (A-C) dans trois mati\u00e8res optionnelles pertinentes, y compris le fran\u00e7ais.<\/li><\/ul><p><strong>A\u2019level<\/strong><\/p><ul><li>Moyenne dans deux mati\u00e8res, y compris le fran\u00e7ais.<\/li><li>Moyenne dans Cinq matieres  O\u2019level, y compris la langue anglaise et les math\u00e9matiques<\/li><\/ul><p><strong>Ann\u00e9e pr\u00e9paratoire<\/strong><\/p><ul><li>Les candidats anglophones sans qualifications en fran\u00e7ais re\u00e7oivent une formation d'un an pour atteindre le niveau DELF B1+ avant l'admission<\/li><\/ul><p><strong>Candidats sp\u00e9ciaux :<\/strong><\/p><ul><li>Les titulaires de HND dans des domaines connexes (par exemple, Secr\u00e9tariat &amp; Gestion, Dipl\u00f4me en \u00c9tudes Commerciales) peuvent int\u00e9grer la deuxi\u00e8me ann\u00e9e apr\u00e8s une \u00e9valuation de leurs qualifications, y compris la ma\u00eetrise du fran\u00e7ais.<\/li><\/ul>\t\t\t\t\t\t\t\t<\/div>\n\t\t\t\t<\/div>\n\t\t<div data-particle_enable=\"false\" data-particle-mobile-disabled=\"false\" class=\"elementor-element elementor-element-3575097 e-con-full e-flex e-con e-child\" data-id=\"3575097\" data-element_type=\"container\" data-e-type=\"container\">\n\t\t\t\t<div class=\"elementor-element elementor-element-205c42f elementor-widget elementor-widget-text-editor\" data-id=\"205c42f\" data-element_type=\"widget\" data-e-type=\"widget\" data-widget_type=\"text-editor.default\">\n\t\t\t\t\t\t\t\t\t<p><strong>Francophones titulaire du <\/strong><\/p><p><strong>Baccalaur\u00e9at:<\/strong><\/p><ul><li><strong>Tests d'aptitude :<\/strong> <br \/>Doivent r\u00e9ussir des tests d'aptitude \u00e9crits et oraux en anglais.<\/li><\/ul><p><strong>A\u2019level<\/strong><\/p><ul><li><strong>Mati\u00e8res<\/strong><br \/>Moyenne dans deux mati\u00e8res, y compris le fran\u00e7ais.<\/li><li><strong>O&#8217;level<br \/>Moyenne:<\/strong> Moyenne dans Cinq matieres , y compris la langue anglaise et les math\u00e9matiques<\/li><\/ul><p><strong>Ann\u00e9e Pr\u00e9paratoire<\/strong><\/p><ul><li><strong>Langue Anglaise<br \/>Formation<\/strong> Formation d'un an d'anglais pour les candidats francophones sans<br \/>qualifications pertinentes en anglais, afin d'atteindre un niveau de comp\u00e9tence avant l'admission.<\/li><\/ul><p><strong>Candidats sp\u00e9ciaux :<\/strong><\/p><ul><li><strong>HND<br \/>Titulaires:<\/strong> Dans des domaines connexes (par exemple, Secr\u00e9tariat &amp; Gestion,<br \/>Dipl\u00f4me en \u00c9tudes Commerciales) peuvent int\u00e9grer la deuxi\u00e8me ann\u00e9e apr\u00e8s une<br \/>\u00e9valuation de leurs qualifications, y compris la ma\u00eetrise du fran\u00e7ais.<\/li><\/ul><p>Pour toute question ou assistance, veuillez contacter notre \u00e9quipe charg\u00e9e des admissions.<\/p>\t\t\t\t\t\t\t\t<\/div>\n\t\t\t\t<\/div>\n\t\t\t\t<\/div>\n\t\t<div data-particle_enable=\"false\" data-particle-mobile-disabled=\"false\" id=\"e-n-tab-content-832344272\" role=\"tabpanel\" aria-labelledby=\"e-n-tab-title-832344272\" data-tab-index=\"2\" style=\"--n-tabs-title-order: 2;\" class=\"elementor-element elementor-element-68b8e09 e-con-full e-flex e-con e-child\" data-id=\"68b8e09\" data-element_type=\"container\" data-e-type=\"container\" data-settings=\"{&quot;background_background&quot;:&quot;classic&quot;}\">\n\t\t<div data-particle_enable=\"false\" data-particle-mobile-disabled=\"false\" class=\"elementor-element elementor-element-842586a e-con-full e-flex e-con e-child\" data-id=\"842586a\" data-element_type=\"container\" data-e-type=\"container\">\n\t\t\t\t<div class=\"elementor-element elementor-element-9a94a4e elementor-widget elementor-widget-text-editor\" data-id=\"9a94a4e\" data-element_type=\"widget\" data-e-type=\"widget\" data-widget_type=\"text-editor.default\">\n\t\t\t\t\t\t\t\t\t<p><strong>Anglophones postulant avec<\/strong><\/p><p><strong>WASSCE :<\/strong><\/p><ul><li>Admissions (D ou mieux) dans les mati\u00e8res fondamentales, y compris la langue anglaise et les math\u00e9matiques.<\/li><\/ul><p><strong>SSSCE:<\/strong><\/p><ul><li>Admissions (D ou mieux) dans les mati\u00e8res fondamentales, y compris la langue anglaise et les math\u00e9matiques.<\/li><\/ul><p><strong>A\u2019level<\/strong><\/p><ul><li>Moyenne dans Cinq matieres, y compris la langue anglaise et les math\u00e9matiques<\/li><\/ul>\t\t\t\t\t\t\t\t<\/div>\n\t\t\t\t<\/div>\n\t\t<div data-particle_enable=\"false\" data-particle-mobile-disabled=\"false\" class=\"elementor-element elementor-element-eade55e e-con-full e-flex e-con e-child\" data-id=\"eade55e\" data-element_type=\"container\" data-e-type=\"container\">\n\t\t\t\t<div class=\"elementor-element elementor-element-f733c90 elementor-widget elementor-widget-text-editor\" data-id=\"f733c90\" data-element_type=\"widget\" data-e-type=\"widget\" data-widget_type=\"text-editor.default\">\n\t\t\t\t\t\t\t\t\t<p><strong>Francophones Applying with <br \/>BEPC ou Baccalaur\u00e9at<\/strong><\/p><ul><li><strong>Tests d'aptitude :<\/strong> <br \/>Doivent r\u00e9ussir des tests d'aptitude \u00e9crits et oraux en anglais.<\/li><\/ul><p><strong>Ann\u00e9e Pr\u00e9paratoire<\/strong><\/p><ul><li><strong>Langue Anglaise<br \/>Formation<\/strong> Formation d'un an d'anglais pour les candidats francophones sans<br \/>qualifications pertinentes en anglais, afin d'atteindre un niveau de comp\u00e9tence avant l'admission.<\/li><\/ul>\t\t\t\t\t\t\t\t<\/div>\n\t\t\t\t<\/div>\n\t\t\t\t<\/div>\n\t\t<div data-particle_enable=\"false\" data-particle-mobile-disabled=\"false\" id=\"e-n-tab-content-832344273\" role=\"tabpanel\" aria-labelledby=\"e-n-tab-title-832344273\" data-tab-index=\"3\" style=\"--n-tabs-title-order: 3;\" class=\"elementor-element elementor-element-f6cdac1 e-flex e-con-boxed e-con e-child\" data-id=\"f6cdac1\" data-element_type=\"container\" data-e-type=\"container\" data-settings=\"{&quot;background_background&quot;:&quot;classic&quot;}\">\n\t\t\t\t\t<div class=\"e-con-inner\">\n\t\t<div data-particle_enable=\"false\" data-particle-mobile-disabled=\"false\" class=\"elementor-element elementor-element-c10fda8 e-con-full e-flex e-con e-child\" data-id=\"c10fda8\" data-element_type=\"container\" data-e-type=\"container\">\n\t\t\t\t<div class=\"elementor-element elementor-element-67253e8 elementor-widget elementor-widget-text-editor\" data-id=\"67253e8\" data-element_type=\"widget\" data-e-type=\"widget\" data-widget_type=\"text-editor.default\">\n\t\t\t\t\t\t\t\t\t<p class=\"translation-block\">nous offrons trois m\u00e9thodes de paiement pratiques :<\/p><p><strong>Paiement en esp\u00e8ces \u00e0 la r\u00e9ception<\/strong>:\u00a0 You can pay your fees directly at our front desk using cash.<\/p>\t\t\t\t\t\t\t\t<\/div>\n\t\t\t\t<\/div>\n\t\t<div data-particle_enable=\"false\" data-particle-mobile-disabled=\"false\" class=\"elementor-element elementor-element-5f30ec7 e-con-full e-flex e-con e-child\" data-id=\"5f30ec7\" data-element_type=\"container\" data-e-type=\"container\">\n\t\t\t\t<div class=\"elementor-element elementor-element-65f5acf elementor-widget elementor-widget-text-editor\" data-id=\"65f5acf\" data-element_type=\"widget\" data-e-type=\"widget\" data-widget_type=\"text-editor.default\">\n\t\t\t\t\t\t\t\t\t<p><strong>Virement bancaire<\/strong>:Vous pouvez transf\u00e9rer le paiement directement sur notre compte bancaire. <br \/><strong>Nom de la Banque :<br \/><\/strong>\u00a0Ecobank<br \/><strong>Nom du Compte<br \/><\/strong>Rubbenson Professional Institute<br \/><strong>Num\u00e9ro de Compte : <\/strong>1441002286864<\/p><p>Veuillez vous assurer d'inclure votre identifiant \u00e9tudiant ou votre nom en r\u00e9f\u00e9rence.  Partagez la preuve de paiement via email ou t\u00e9l\u00e9chargez-la via notre site web.<\/p><p><strong>Site Web<\/strong> <a href=\"mailto:payment@rpighana.com\">payment@rpighana.com<\/a><br \/><strong>Website :<\/strong> <a href=\"https:\/\/rpighana.com\/fr\/payments\/\">rpighana.com\/payments<\/a><\/p>\t\t\t\t\t\t\t\t<\/div>\n\t\t\t\t<\/div>\n\t\t<div data-particle_enable=\"false\" data-particle-mobile-disabled=\"false\" class=\"elementor-element elementor-element-6cf6bfe e-con-full e-flex e-con e-child\" data-id=\"6cf6bfe\" data-element_type=\"container\" data-e-type=\"container\">\n\t\t\t\t<div class=\"elementor-element elementor-element-5e29099 elementor-widget elementor-widget-text-editor\" data-id=\"5e29099\" data-element_type=\"widget\" data-e-type=\"widget\" data-widget_type=\"text-editor.default\">\n\t\t\t\t\t\t\t\t\t<p><strong>Mobile Money<\/strong>Utilisez votre service de paiement mobile pour effectuer des paiements rapidement et en toute s\u00e9curit\u00e9.<\/p><p><strong>Telephone :<\/strong> 055 247 9662<\/p><p>Assurez-vous de confirmer la transaction avec notre service financier sur le<\/p><p><strong>WhatsApp :<\/strong> <br \/>+233 24 623 2359, <br \/>+233 55 247 9662<\/p>\t\t\t\t\t\t\t\t<\/div>\n\t\t\t\t<\/div>\n\t\t\t\t\t<\/div>\n\t\t\t\t<\/div>\n\t\t\t\t\t<\/div>\n\t\t<\/div>\n\t\t\t\t\t\t<\/div>\n\t\t\t\t\t<\/div>\n\t\t\t\t<\/div>\n\t\t<div data-particle_enable=\"false\" data-particle-mobile-disabled=\"false\" class=\"elementor-element elementor-element-5a7ffba e-flex e-con-boxed e-con e-parent\" data-id=\"5a7ffba\" data-element_type=\"container\" data-e-type=\"container\">\n\t\t\t\t\t<div class=\"e-con-inner\">\n\t\t\t\t<div class=\"elementor-element elementor-element-2fe06cb elementor-widget elementor-widget-text-editor\" data-id=\"2fe06cb\" data-element_type=\"widget\" data-e-type=\"widget\" data-widget_type=\"text-editor.default\">\n\t\t\t\t\t\t\t\t\t<p>NB: A certificate is not required for Language and beginner-level ICT students.<\/p>\t\t\t\t\t\t\t\t<\/div>\n\t\t\t\t\t<\/div>\n\t\t\t\t<\/div>\n\t\t\t\t<\/div>","protected":false},"excerpt":{"rendered":"<p>Join Rubbenson Professional Institute and advance your career with industry-focused diploma and certificate programs. Apply today and take the next step toward your professional growth!<\/p>","protected":false},"author":1,"featured_media":0,"parent":0,"menu_order":0,"comment_status":"closed","ping_status":"closed","template":"","meta":{"_joinchat":[],"footnotes":""},"class_list":["post-12","page","type-page","status-publish","hentry"],"_links":{"self":[{"href":"https:\/\/rpighana.com\/fr\/wp-json\/wp\/v2\/pages\/12","targetHints":{"allow":["GET"]}}],"collection":[{"href":"https:\/\/rpighana.com\/fr\/wp-json\/wp\/v2\/pages"}],"about":[{"href":"https:\/\/rpighana.com\/fr\/wp-json\/wp\/v2\/types\/page"}],"author":[{"embeddable":true,"href":"https:\/\/rpighana.com\/fr\/wp-json\/wp\/v2\/users\/1"}],"replies":[{"embeddable":true,"href":"https:\/\/rpighana.com\/fr\/wp-json\/wp\/v2\/comments?post=12"}],"version-history":[{"count":335,"href":"https:\/\/rpighana.com\/fr\/wp-json\/wp\/v2\/pages\/12\/revisions"}],"predecessor-version":[{"id":5661,"href":"https:\/\/rpighana.com\/fr\/wp-json\/wp\/v2\/pages\/12\/revisions\/5661"}],"wp:attachment":[{"href":"https:\/\/rpighana.com\/fr\/wp-json\/wp\/v2\/media?parent=12"}],"curies":[{"name":"wp","href":"https:\/\/api.w.org\/{rel}","templated":true}]}}