{"id":349,"date":"2023-07-06T19:48:17","date_gmt":"2023-07-06T19:48:17","guid":{"rendered":"https:\/\/rpighana.com\/?page_id=349"},"modified":"2024-07-24T11:17:38","modified_gmt":"2024-07-24T11:17:38","slug":"welcome-to-ghana","status":"publish","type":"page","link":"https:\/\/rpighana.com\/es\/welcome-to-ghana\/","title":{"rendered":"Bienvenido a Ghana"},"content":{"rendered":"<div data-elementor-type=\"wp-page\" data-elementor-id=\"349\" class=\"elementor elementor-349\" data-elementor-post-type=\"page\">\n\t\t\t\t<div data-particle_enable=\"false\" data-particle-mobile-disabled=\"false\" class=\"elementor-element elementor-element-e1e48b8 e-flex e-con-boxed e-con e-parent\" data-id=\"e1e48b8\" data-element_type=\"container\" data-e-type=\"container\" data-settings=\"{&quot;background_background&quot;:&quot;classic&quot;}\">\n\t\t\t\t\t<div class=\"e-con-inner\">\n\t\t\t\t<div class=\"elementor-element elementor-element-7c8cf0c1 animated-slow elementor-invisible elementor-widget elementor-widget-heading\" data-id=\"7c8cf0c1\" data-element_type=\"widget\" data-e-type=\"widget\" data-settings=\"{&quot;_animation&quot;:&quot;slideInUp&quot;}\" data-widget_type=\"heading.default\">\n\t\t\t\t\t<h2 class=\"elementor-heading-title elementor-size-default\">Bienvenido a Ghana<\/h2>\t\t\t\t<\/div>\n\t\t\t\t<div class=\"elementor-element elementor-element-479faf7 elementor-widget elementor-widget-heading\" data-id=\"479faf7\" data-element_type=\"widget\" data-e-type=\"widget\" data-widget_type=\"heading.default\">\n\t\t\t\t\t<h2 class=\"elementor-heading-title elementor-size-default\">Necesidad de visado, transporte y vacunaci\u00f3n.<\/h2>\t\t\t\t<\/div>\n\t\t\t\t\t<\/div>\n\t\t\t\t<\/div>\n\t\t<div data-particle_enable=\"false\" data-particle-mobile-disabled=\"false\" class=\"elementor-element elementor-element-8450194 e-con-full e-flex e-con e-parent\" data-id=\"8450194\" data-element_type=\"container\" data-e-type=\"container\" data-settings=\"{&quot;background_background&quot;:&quot;classic&quot;}\">\n\t\t\t\t<div class=\"elementor-element elementor-element-9698031 e-n-tabs-mobile elementor-widget elementor-widget-n-tabs\" data-id=\"9698031\" data-element_type=\"widget\" data-e-type=\"widget\" data-settings=\"{&quot;tabs_justify_horizontal&quot;:&quot;center&quot;,&quot;horizontal_scroll&quot;:&quot;disable&quot;}\" data-widget_type=\"nested-tabs.default\">\n\t\t\t\t\t\t\t<div class=\"e-n-tabs\" data-widget-number=\"157909041\" aria-label=\"Pesta\u00f1as. Abre elementos con Intro o Espacio, ci\u00e9rralos con Escape y navega con las fechas.\" data-no-translation-aria-label=\"\">\n\t\t\t<div class=\"e-n-tabs-heading\" role=\"tablist\">\n\t\t\t\t\t<button id=\"e-n-tab-title-1579090411\" data-tab-title-id=\"e-n-tab-title-1579090411\" class=\"e-n-tab-title elementor-animation-sink\" aria-selected=\"true\" data-tab-index=\"1\" role=\"tab\" tabindex=\"0\" aria-controls=\"e-n-tab-content-1579090411\" style=\"--n-tabs-title-order: 1;\">\n\t\t\t\t\t\t<span class=\"e-n-tab-title-text\">\n\t\t\t\trequisitos de visa \t\t\t<\/span>\n\t\t<\/button>\n\t\t\t\t<button id=\"e-n-tab-title-1579090412\" data-tab-title-id=\"e-n-tab-title-1579090412\" class=\"e-n-tab-title elementor-animation-sink\" aria-selected=\"false\" data-tab-index=\"2\" role=\"tab\" tabindex=\"-1\" aria-controls=\"e-n-tab-content-1579090412\" style=\"--n-tabs-title-order: 2;\">\n\t\t\t\t\t\t<span class=\"e-n-tab-title-text\">\n\t\t\t\tTransportation Options \t\t\t<\/span>\n\t\t<\/button>\n\t\t\t\t<button id=\"e-n-tab-title-1579090413\" data-tab-title-id=\"e-n-tab-title-1579090413\" class=\"e-n-tab-title elementor-animation-sink\" aria-selected=\"false\" data-tab-index=\"3\" role=\"tab\" tabindex=\"-1\" aria-controls=\"e-n-tab-content-1579090413\" style=\"--n-tabs-title-order: 3;\">\n\t\t\t\t\t\t<span class=\"e-n-tab-title-text\">\n\t\t\t\tRecogida en el aeropuerto\/estaci\u00f3n de autobuses\t\t\t<\/span>\n\t\t<\/button>\n\t\t\t\t\t<\/div>\n\t\t\t<div class=\"e-n-tabs-content\">\n\t\t\t\t<div data-particle_enable=\"false\" data-particle-mobile-disabled=\"false\" id=\"e-n-tab-content-1579090411\" role=\"tabpanel\" aria-labelledby=\"e-n-tab-title-1579090411\" data-tab-index=\"1\" style=\"--n-tabs-title-order: 1;\" class=\"e-active elementor-element elementor-element-750faf9 e-con-full e-flex e-con e-child\" data-id=\"750faf9\" data-element_type=\"container\" data-e-type=\"container\">\n\t\t<div data-particle_enable=\"false\" data-particle-mobile-disabled=\"false\" class=\"elementor-element elementor-element-9e1bd01 e-con-full e-flex e-con e-child\" data-id=\"9e1bd01\" data-element_type=\"container\" data-e-type=\"container\" data-settings=\"{&quot;background_background&quot;:&quot;classic&quot;}\">\n\t\t\t\t<div class=\"elementor-element elementor-element-775b055 elementor-widget elementor-widget-image\" data-id=\"775b055\" data-element_type=\"widget\" data-e-type=\"widget\" data-widget_type=\"image.default\">\n\t\t\t\t\t\t\t\t\t\t\t\t\t\t\t<img fetchpriority=\"high\" decoding=\"async\" width=\"474\" height=\"315\" src=\"https:\/\/rpighana.com\/wp-content\/uploads\/2023\/08\/VISA.jpeg\" class=\"attachment-large size-large wp-image-1079\" alt=\"\" srcset=\"https:\/\/rpighana.com\/wp-content\/uploads\/2023\/08\/VISA.jpeg 474w, https:\/\/rpighana.com\/wp-content\/uploads\/2023\/08\/VISA-300x199.jpeg 300w, https:\/\/rpighana.com\/wp-content\/uploads\/2023\/08\/VISA-200x133.jpeg 200w\" sizes=\"(max-width: 474px) 100vw, 474px\" \/>\t\t\t\t\t\t\t\t\t\t\t\t\t\t\t<\/div>\n\t\t\t\t<\/div>\n\t\t<div data-particle_enable=\"false\" data-particle-mobile-disabled=\"false\" class=\"elementor-element elementor-element-eda469f e-con-full e-flex e-con e-child\" data-id=\"eda469f\" data-element_type=\"container\" data-e-type=\"container\">\n\t\t\t\t<div class=\"elementor-element elementor-element-6cd154e elementor-widget elementor-widget-text-editor\" data-id=\"6cd154e\" data-element_type=\"widget\" data-e-type=\"widget\" data-widget_type=\"text-editor.default\">\n\t\t\t\t\t\t\t\t\t<p style=\"color: #020297; font-size: 16px; font-weight: bold;\">Visa<\/p><p>Se recomienda ponerse en contacto con nuestra administraci\u00f3n antes de su llegada para confirmar si una visa es necesaria para su viaje y estudio en Ghana.<\/p><p style=\"color: #020297; font-size: 16px;\"><strong>Vaccination<\/strong><\/p><p>Please ensure that you possess a valid international vaccination card before your arrival.<\/p><p style=\"color: #020297; font-size: 16px;\"><strong>Non-citizen ID card<\/strong><\/p><p>Un documento de identidad para no ciudadanos, o documento de identidad para extranjeros, es un documento de identidad oficial emitido a las personas que residen en un pa\u00eds sin ciudadan\u00eda. Sirve como prueba de la residencia legal y la identidad y suele ser emitido por las autoridades de inmigraci\u00f3n o gubernamentales pertinentes.<\/p><h6><strong><span style=\"color: #000080;\">Para obtener una tarjeta de identidad para no ciudadanos (Non-Citizen Ghana Card) en Ghana, siga estos pasos:<\/span><\/strong><\/h6><ol><li><p><strong>Compra de una tarjeta rasca y gana FIMS:<\/strong>Primero, compre una tarjeta rasca y gana del Sistema de Gesti\u00f3n de Identificaci\u00f3n Exterior (FIMS). Esto puede hacerse en cualquier sucursal de CAL Bank o en el Premium Lounge Center de la NIA. La tarjeta rasca y gana $ 120 y es necesaria para el proceso de registro<span class=\"\" data-state=\"closed\"><span class=\"text-token-text-secondary\"> (<\/span><a class=\"text-green-600 !no-underline\" href=\"https:\/\/www.vfsglobal.com\/nia\/ghana\/How_to_Register.html\" target=\"_blank\" rel=\"noopener noreferrer\">https:\/\/www.vfsglobal.com\/nia\/ghana\/How_to_Register.html<\/a><span class=\"text-token-text-secondary\">)<\/span><\/span>\u200b\u200b \u200b.<\/p><\/li><li><p><strong>Cumplimentaci\u00f3n del Formulario de Solicitud:<\/strong>Descargue y complete el formulario de solicitud en el sitio web de FIMS o cons\u00edguelo en el centro de registro. Aseg\u00farese de que todos los detalles personales se completan con precisi\u00f3n.<\/p><\/li><li><p><strong>Visita a un Centro de Registro:<\/strong>Lleve el formulario de solicitud rellenado y la tarjeta rasca y gana FIMS a un centro de registro designado. Presente estos documentos al registrador.<\/p><\/li><li><p><strong>Proporcionar los Documentos Requeridos:<\/strong>Deber\u00e1 proporcionar su pasaporte y un permiso de residencia v\u00e1lido. Aseg\u00farese de que todos los documentos est\u00e9n actualizados y sean exactos  (VFS Global).<span class=\"\" data-state=\"closed\"><span class=\"text-token-text-secondary\"> (<\/span><a class=\"text-green-600 !no-underline\" href=\"https:\/\/www.vfsglobal.com\/nia\/ghana\/How_to_Register.html\" target=\"_blank\" rel=\"noopener noreferrer\">https:\/\/www.vfsglobal.com\/nia\/ghana\/How_to_Register.html<\/a><span class=\"text-token-text-secondary\">)<\/span><\/span>\u200b.<\/p><\/li><li><p><strong>Captura de datos biom\u00e9tricos:<\/strong>En el centro de registro, sus datos biom\u00e9tricos (huellas dactilares, fotograf\u00eda y eventualmente escaneo del iris) ser\u00e1n capturados para el documento de identidad .<\/p><\/li><li><p><strong>Emisi\u00f3n de la Tarjeta:<\/strong>Despu\u00e9s de una inscripci\u00f3n exitosa, se emitir\u00e1 la Non-Citizen Ghana Card. La tarjeta se utiliza para la identificaci\u00f3n en varias transacciones en Ghana y es necesaria para cumplir con las leyes y regulaciones locales .<\/p><\/li><\/ol>\t\t\t\t\t\t\t\t<\/div>\n\t\t\t\t<\/div>\n\t\t\t\t<\/div>\n\t\t<div data-particle_enable=\"false\" data-particle-mobile-disabled=\"false\" id=\"e-n-tab-content-1579090412\" role=\"tabpanel\" aria-labelledby=\"e-n-tab-title-1579090412\" data-tab-index=\"2\" style=\"--n-tabs-title-order: 2;\" class=\"elementor-element elementor-element-a514fd4 e-con-full e-flex e-con e-child\" data-id=\"a514fd4\" data-element_type=\"container\" data-e-type=\"container\">\n\t\t<div data-particle_enable=\"false\" data-particle-mobile-disabled=\"false\" class=\"elementor-element elementor-element-f09e05e e-con-full e-flex e-con e-child\" data-id=\"f09e05e\" data-element_type=\"container\" data-e-type=\"container\" data-settings=\"{&quot;background_background&quot;:&quot;classic&quot;}\">\n\t\t\t\t<div class=\"elementor-element elementor-element-5ba9bce elementor-widget elementor-widget-image\" data-id=\"5ba9bce\" data-element_type=\"widget\" data-e-type=\"widget\" data-widget_type=\"image.default\">\n\t\t\t\t\t\t\t\t\t\t\t\t\t\t\t<img decoding=\"async\" width=\"318\" height=\"246\" src=\"https:\/\/rpighana.com\/wp-content\/uploads\/2023\/08\/TNT.jpg\" class=\"attachment-large size-large wp-image-1081\" alt=\"\" srcset=\"https:\/\/rpighana.com\/wp-content\/uploads\/2023\/08\/TNT.jpg 318w, https:\/\/rpighana.com\/wp-content\/uploads\/2023\/08\/TNT-300x232.jpg 300w, https:\/\/rpighana.com\/wp-content\/uploads\/2023\/08\/TNT-200x155.jpg 200w\" sizes=\"(max-width: 318px) 100vw, 318px\" \/>\t\t\t\t\t\t\t\t\t\t\t\t\t\t\t<\/div>\n\t\t\t\t<\/div>\n\t\t<div data-particle_enable=\"false\" data-particle-mobile-disabled=\"false\" class=\"elementor-element elementor-element-a899110 e-con-full e-flex e-con e-child\" data-id=\"a899110\" data-element_type=\"container\" data-e-type=\"container\">\n\t\t\t\t<div class=\"elementor-element elementor-element-1383ff0 elementor-widget elementor-widget-text-editor\" data-id=\"1383ff0\" data-element_type=\"widget\" data-e-type=\"widget\" data-widget_type=\"text-editor.default\">\n\t\t\t\t\t\t\t\t\t<p style=\"color: #020297;\"><strong>Traveling by Road<\/strong><\/p><p class=\"translation-block\">Empresas de transporte de renombre<br>Si esta es la primera vez que viaja a Ghana por carretera, le sugerimos que utilice los servicios de empresas de transporte de renombre. Algunas de nuestras recomendaciones incluyen:<\/p><ul><li>STC<\/li><li>ABC<\/li><li>Cross Country<\/li><li>UTB<\/li><li>STIF<\/li><li>IMPERIAL<\/li><\/ul><p>Estas empresas han establecido una s\u00f3lida reputaci\u00f3n y pueden proporcionar viajes fiables y seguros.<\/p><p style=\"color: #020297;\"><strong>transporte p\u00fablico<\/strong><\/p><p>Si necesita informaci\u00f3n sobre el transporte p\u00fablico, no dude en consultarnos antes de su llegada. Estaremos encantados de ayudarle.<\/p><p style=\"color: #020297;\"><strong>viajar en avi\u00f3n<\/strong><\/p><p class=\"translation-block\">Si decide viajar a Accra en avi\u00f3n, aseg\u00farese de haber hecho los arreglos de viaje adecuados con su aerol\u00ednea preferida. <br>Siguiendo estas pautas y considerando la informaci\u00f3n proporcionada, su viaje a Ghana ser\u00e1 bien informado y agradable.<\/p>\t\t\t\t\t\t\t\t<\/div>\n\t\t\t\t<\/div>\n\t\t\t\t<\/div>\n\t\t<div data-particle_enable=\"false\" data-particle-mobile-disabled=\"false\" id=\"e-n-tab-content-1579090413\" role=\"tabpanel\" aria-labelledby=\"e-n-tab-title-1579090413\" data-tab-index=\"3\" style=\"--n-tabs-title-order: 3;\" class=\"elementor-element elementor-element-72f3ab2 e-con-full e-flex e-con e-child\" data-id=\"72f3ab2\" data-element_type=\"container\" data-e-type=\"container\" data-settings=\"{&quot;background_background&quot;:&quot;classic&quot;}\">\n\t\t<div data-particle_enable=\"false\" data-particle-mobile-disabled=\"false\" class=\"elementor-element elementor-element-8dedcf7 e-con-full e-flex e-con e-child\" data-id=\"8dedcf7\" data-element_type=\"container\" data-e-type=\"container\" data-settings=\"{&quot;background_background&quot;:&quot;classic&quot;}\">\n\t\t\t\t<div class=\"elementor-element elementor-element-ae3aa0b elementor-widget elementor-widget-image\" data-id=\"ae3aa0b\" data-element_type=\"widget\" data-e-type=\"widget\" data-widget_type=\"image.default\">\n\t\t\t\t\t\t\t\t\t\t\t\t\t\t\t<img decoding=\"async\" width=\"800\" height=\"416\" src=\"https:\/\/rpighana.com\/wp-content\/uploads\/2023\/08\/PICKUP-1024x533.jpeg\" class=\"attachment-large size-large wp-image-1080\" alt=\"\" srcset=\"https:\/\/rpighana.com\/wp-content\/uploads\/2023\/08\/PICKUP-1024x533.jpeg 1024w, https:\/\/rpighana.com\/wp-content\/uploads\/2023\/08\/PICKUP-300x156.jpeg 300w, https:\/\/rpighana.com\/wp-content\/uploads\/2023\/08\/PICKUP-768x400.jpeg 768w, https:\/\/rpighana.com\/wp-content\/uploads\/2023\/08\/PICKUP-1536x800.jpeg 1536w, https:\/\/rpighana.com\/wp-content\/uploads\/2023\/08\/PICKUP-200x104.jpeg 200w, https:\/\/rpighana.com\/wp-content\/uploads\/2023\/08\/PICKUP.jpeg 1600w\" sizes=\"(max-width: 800px) 100vw, 800px\" \/>\t\t\t\t\t\t\t\t\t\t\t\t\t\t\t<\/div>\n\t\t\t\t<\/div>\n\t\t<div data-particle_enable=\"false\" data-particle-mobile-disabled=\"false\" class=\"elementor-element elementor-element-7b26aae e-con-full e-flex e-con e-child\" data-id=\"7b26aae\" data-element_type=\"container\" data-e-type=\"container\">\n\t\t\t\t<div class=\"elementor-element elementor-element-00b261c elementor-widget elementor-widget-heading\" data-id=\"00b261c\" data-element_type=\"widget\" data-e-type=\"widget\" data-widget_type=\"heading.default\">\n\t\t\t\t\t<h2 class=\"elementor-heading-title elementor-size-default\">pick-up<\/h2>\t\t\t\t<\/div>\n\t\t\t\t<div class=\"elementor-element elementor-element-316fbdf elementor-widget elementor-widget-text-editor\" data-id=\"316fbdf\" data-element_type=\"widget\" data-e-type=\"widget\" data-widget_type=\"text-editor.default\">\n\t\t\t\t\t\t\t\t\t<p class=\"translation-block\">En Rubbenson Professional Institute, entendemos que llegar a un nuevo pa\u00eds puede ser emocionante y abrumador. Para garantizar una transici\u00f3n sin problemas y darle la bienvenida a nuestra instituci\u00f3n, <b>ofrecemos servicios de recogida desde el aeropuerto para nuestros estudiantes internacionales. <\/b><\/p><p class=\"translation-block\">A su llegada, <b>uno de nuestros amables miembros del personal<\/b> estar\u00e1 esperando en el aeropuerto para ayudarlo con su transporte a su alojamiento o campus designado. Nuestro objetivo es hacer que su llegada sea lo m\u00e1s c\u00f3moda y libre de estr\u00e9s posible.<\/p><p class=\"translation-block\"><b>Para utilizar nuestro servicio de recogida en el aeropuerto, proporci\u00f3nenos sus datos de viaje, incluida su fecha de llegada, hora y n\u00famero de vuelo, durante el proceso de inscripci\u00f3n. <\/b> Esto nos permitir\u00e1 programar su recogida y asegurarse de que alguien est\u00e9 all\u00ed para darle la bienvenida a su llegada.<\/p><p class=\"translation-block\">No dude en ponerse en contacto con nuestros servicios de estudiantes internacionales en <b>pickup@rpighana.com<\/b> y <b>whatsapp No.+233552479662<\/b> si tiene alguna pregunta o necesita m\u00e1s informaci\u00f3n sobre el servicio de recogida o cualquier otro aspecto de su llegada. Estamos aqu\u00ed para apoyarle y garantizar que su transici\u00f3n a Rubbenson Professional Institute sea memorable y agradable. Esperamos reunirnos con usted pronto.<\/p><p>\u00a0<\/p>\t\t\t\t\t\t\t\t<\/div>\n\t\t\t\t<\/div>\n\t\t\t\t<\/div>\n\t\t\t\t\t<\/div>\n\t\t<\/div>\n\t\t\t\t\t\t<\/div>\n\t\t\t\t<\/div>\n\t\t\t\t<\/div>","protected":false},"excerpt":{"rendered":"<p>Welcome to Ghana! Visa Requirements, transportation and Vaccination Visa Requirements Transportation Options Pick-up from the Airport\/Bus station Visa It is recommended that you contact our administration prior to your arrival to confirm if a visa is necessary for your travel and study in Ghana. Vaccination Please ensure that you possess a valid international vaccination card [&hellip;]<\/p>\n","protected":false},"author":1,"featured_media":0,"parent":0,"menu_order":0,"comment_status":"closed","ping_status":"closed","template":"","meta":{"_joinchat":[],"footnotes":""},"class_list":["post-349","page","type-page","status-publish","hentry"],"_links":{"self":[{"href":"https:\/\/rpighana.com\/es\/wp-json\/wp\/v2\/pages\/349","targetHints":{"allow":["GET"]}}],"collection":[{"href":"https:\/\/rpighana.com\/es\/wp-json\/wp\/v2\/pages"}],"about":[{"href":"https:\/\/rpighana.com\/es\/wp-json\/wp\/v2\/types\/page"}],"author":[{"embeddable":true,"href":"https:\/\/rpighana.com\/es\/wp-json\/wp\/v2\/users\/1"}],"replies":[{"embeddable":true,"href":"https:\/\/rpighana.com\/es\/wp-json\/wp\/v2\/comments?post=349"}],"version-history":[{"count":74,"href":"https:\/\/rpighana.com\/es\/wp-json\/wp\/v2\/pages\/349\/revisions"}],"predecessor-version":[{"id":3295,"href":"https:\/\/rpighana.com\/es\/wp-json\/wp\/v2\/pages\/349\/revisions\/3295"}],"wp:attachment":[{"href":"https:\/\/rpighana.com\/es\/wp-json\/wp\/v2\/media?parent=349"}],"curies":[{"name":"wp","href":"https:\/\/api.w.org\/{rel}","templated":true}]}}