{"id":345,"date":"2023-07-06T19:44:42","date_gmt":"2023-07-06T19:44:42","guid":{"rendered":"https:\/\/rpighana.com\/?page_id=345"},"modified":"2025-03-19T19:01:53","modified_gmt":"2025-03-19T19:01:53","slug":"about-rpi","status":"publish","type":"page","link":"https:\/\/rpighana.com\/es\/about-rpi\/","title":{"rendered":"About RPI"},"content":{"rendered":"<div data-elementor-type=\"wp-page\" data-elementor-id=\"345\" class=\"elementor elementor-345\" data-elementor-post-type=\"page\">\n\t\t\t\t\t\t<section data-particle_enable=\"false\" data-particle-mobile-disabled=\"false\" class=\"elementor-section elementor-top-section elementor-element elementor-element-2b858f8a elementor-section-content-middle elementor-section-boxed elementor-section-height-default elementor-section-height-default\" data-id=\"2b858f8a\" data-element_type=\"section\" data-e-type=\"section\" data-settings=\"{&quot;background_background&quot;:&quot;classic&quot;}\">\n\t\t\t\t\t\t\t<div class=\"elementor-background-overlay\"><\/div>\n\t\t\t\t\t\t\t<div class=\"elementor-container elementor-column-gap-no\">\n\t\t\t\t\t<div class=\"elementor-column elementor-col-100 elementor-top-column elementor-element elementor-element-76f522a2\" data-id=\"76f522a2\" data-element_type=\"column\" data-e-type=\"column\">\n\t\t\t<div class=\"elementor-widget-wrap elementor-element-populated\">\n\t\t\t\t\t\t<div class=\"elementor-element elementor-element-674aa042 elementor-widget elementor-widget-heading\" data-id=\"674aa042\" data-element_type=\"widget\" data-e-type=\"widget\" data-widget_type=\"heading.default\">\n\t\t\t\t\t<h4 class=\"elementor-heading-title elementor-size-default\">Bienvenidos a nuestra escuela. Creemos en la diversidad y la inclusi\u00f3n. <\/h4>\t\t\t\t<\/div>\n\t\t\t\t\t<\/div>\n\t\t<\/div>\n\t\t\t\t\t<\/div>\n\t\t<\/section>\n\t\t\t\t<section data-particle_enable=\"false\" data-particle-mobile-disabled=\"false\" class=\"elementor-section elementor-top-section elementor-element elementor-element-1e1eb2d1 elementor-section-content-middle elementor-section-boxed elementor-section-height-default elementor-section-height-default\" data-id=\"1e1eb2d1\" data-element_type=\"section\" data-e-type=\"section\">\n\t\t\t\t\t\t<div class=\"elementor-container elementor-column-gap-no\">\n\t\t\t\t\t<div class=\"elementor-column elementor-col-50 elementor-top-column elementor-element elementor-element-5180d301\" data-id=\"5180d301\" data-element_type=\"column\" data-e-type=\"column\">\n\t\t\t<div class=\"elementor-widget-wrap elementor-element-populated\">\n\t\t\t\t\t\t<div class=\"elementor-element elementor-element-71187aae elementor-widget elementor-widget-text-editor\" data-id=\"71187aae\" data-element_type=\"widget\" data-e-type=\"widget\" data-widget_type=\"text-editor.default\">\n\t\t\t\t\t\t\t\t\t<p>\u00a0sobre<\/p><p>\u00a0<\/p>\t\t\t\t\t\t\t\t<\/div>\n\t\t\t\t<div class=\"elementor-element elementor-element-3e24e438 elementor-widget elementor-widget-heading\" data-id=\"3e24e438\" data-element_type=\"widget\" data-e-type=\"widget\" data-widget_type=\"heading.default\">\n\t\t\t\t\t<h3 class=\"elementor-heading-title elementor-size-default\">qui\u00e9nes somos<\/h3>\t\t\t\t<\/div>\n\t\t\t\t<div class=\"elementor-element elementor-element-6ed4c74e elementor-widget-divider--view-line elementor-widget elementor-widget-divider\" data-id=\"6ed4c74e\" data-element_type=\"widget\" data-e-type=\"widget\" data-widget_type=\"divider.default\">\n\t\t\t\t\t\t\t<div class=\"elementor-divider\">\n\t\t\t<span class=\"elementor-divider-separator\">\n\t\t\t\t\t\t<\/span>\n\t\t<\/div>\n\t\t\t\t\t\t<\/div>\n\t\t\t\t<div class=\"elementor-element elementor-element-2d6e061 elementor-widget elementor-widget-image\" data-id=\"2d6e061\" data-element_type=\"widget\" data-e-type=\"widget\" data-widget_type=\"image.default\">\n\t\t\t\t\t\t\t\t\t\t\t\t\t\t\t<img fetchpriority=\"high\" decoding=\"async\" width=\"1040\" height=\"463\" src=\"https:\/\/rpighana.com\/wp-content\/uploads\/2023\/06\/Rpighana.jpg\" class=\"elementor-animation-grow attachment-full size-full wp-image-182\" alt=\"\" srcset=\"https:\/\/rpighana.com\/wp-content\/uploads\/2023\/06\/Rpighana.jpg 1040w, https:\/\/rpighana.com\/wp-content\/uploads\/2023\/06\/Rpighana-300x134.jpg 300w, https:\/\/rpighana.com\/wp-content\/uploads\/2023\/06\/Rpighana-1024x456.jpg 1024w, https:\/\/rpighana.com\/wp-content\/uploads\/2023\/06\/Rpighana-768x342.jpg 768w, https:\/\/rpighana.com\/wp-content\/uploads\/2023\/06\/Rpighana-18x8.jpg 18w, https:\/\/rpighana.com\/wp-content\/uploads\/2023\/06\/Rpighana-200x89.jpg 200w\" sizes=\"(max-width: 1040px) 100vw, 1040px\" \/>\t\t\t\t\t\t\t\t\t\t\t\t\t\t\t<\/div>\n\t\t\t\t<div class=\"elementor-element elementor-element-6af098ea elementor-widget elementor-widget-text-editor\" data-id=\"6af098ea\" data-element_type=\"widget\" data-e-type=\"widget\" data-widget_type=\"text-editor.default\">\n\t\t\t\t\t\t\t\t\t<p class=\"translation-block\">R<b>ubbenson Professional Institute<\/b> es un instituto profesional biling\u00fce <b>debidamente registrado<\/b> bajo las leyes de la Rep\u00fablica de Ghana.<\/p>\n<p>En Rubenson Professional Institute, estamos orgullosos de ofrecer un nivel sin precedentes de educaci\u00f3n y <b>programas biling\u00fces excepcionales para hablantes de ingl\u00e9s, franc\u00e9s y otros idiomas<\/b>Nuestros cursos de idiomas est\u00e1n dise\u00f1ados para ayudar a los estudiantes a aprender y perfeccionar sus habilidades en idiomas populares, como franc\u00e9s, ingl\u00e9s, espa\u00f1ol, chino y traducci\u00f3n. <b>French, English, Spanish, Chinese, and translation<\/b>. Estamos comprometidos a proporcionar a nuestros estudiantes la mejor educaci\u00f3n posible, equip\u00e1ndolos con el conocimiento y las habilidades que necesitan para perseguir un \u00e9xito <b>carrera en campos exigentes<\/b> como la seguridad de la aviaci\u00f3n, la tripulaci\u00f3n de cabina y la manipulaci\u00f3n de pasajeros, etc.<\/p>\n<p><\/p>\t\t\t\t\t\t\t\t<\/div>\n\t\t\t\t\t<\/div>\n\t\t<\/div>\n\t\t\t\t<div class=\"elementor-column elementor-col-50 elementor-top-column elementor-element elementor-element-1c4b4d2f\" data-id=\"1c4b4d2f\" data-element_type=\"column\" data-e-type=\"column\">\n\t\t\t<div class=\"elementor-widget-wrap elementor-element-populated\">\n\t\t\t\t\t\t<div class=\"elementor-element elementor-element-1e1a0e80 elementor-widget elementor-widget-image\" data-id=\"1e1a0e80\" data-element_type=\"widget\" data-e-type=\"widget\" data-widget_type=\"image.default\">\n\t\t\t\t\t\t\t\t\t\t\t\t\t\t\t<img decoding=\"async\" width=\"1600\" height=\"1200\" src=\"https:\/\/rpighana.com\/wp-content\/uploads\/2023\/07\/rpi-stud-scaled.jpg\" class=\"elementor-animation-grow attachment-full size-full wp-image-547\" alt=\"\" srcset=\"https:\/\/rpighana.com\/wp-content\/uploads\/2023\/07\/rpi-stud-scaled.jpg 1600w, https:\/\/rpighana.com\/wp-content\/uploads\/2023\/07\/rpi-stud-300x225.jpg 300w, https:\/\/rpighana.com\/wp-content\/uploads\/2023\/07\/rpi-stud-1024x768.jpg 1024w, https:\/\/rpighana.com\/wp-content\/uploads\/2023\/07\/rpi-stud-768x576.jpg 768w, https:\/\/rpighana.com\/wp-content\/uploads\/2023\/07\/rpi-stud-1536x1152.jpg 1536w, https:\/\/rpighana.com\/wp-content\/uploads\/2023\/07\/rpi-stud-2048x1536.jpg 2048w, https:\/\/rpighana.com\/wp-content\/uploads\/2023\/07\/rpi-stud-200x150.jpg 200w\" sizes=\"(max-width: 1600px) 100vw, 1600px\" \/>\t\t\t\t\t\t\t\t\t\t\t\t\t\t\t<\/div>\n\t\t\t\t<div class=\"elementor-element elementor-element-180ae5d6 elementor-widget elementor-widget-text-editor\" data-id=\"180ae5d6\" data-element_type=\"widget\" data-e-type=\"widget\" data-widget_type=\"text-editor.default\">\n\t\t\t\t\t\t\t\t\t<p class=\"translation-block\">Adem\u00e1s, nuestra instituci\u00f3n permite a los estudiantes acceder a una certificaci\u00f3n de organismos internacionales como IATA, que abre las puertas a los transportistas m\u00e1s prestigiosos del mundo.  Nuestra dedicaci\u00f3n a la educaci\u00f3n de calidad y la excelencia se manifiesta en nuestra asociaci\u00f3n con organizaciones honorarias como ICM, Cambridge College, OBP, todos en el Reino Unido, Universidad de Negocios de Costa Rica, AOO Consulting LTD en Ghana.<\/p>\n<p>Estamos orgullosos de dar forma a contribuidores proactivos y completos a la sociedad mediante el fortalecimiento de la capacidad de los estudiantes con las habilidades y herramientas necesarias para tener \u00e9xito como profesionales y l\u00edderes en su campo de elecci\u00f3n.<\/p>\n<p>&nbsp;<b><i>En el Rubbenson Professional Institute, la prioridad es llevarlos a un futuro mejor y a una carrera satisfactoria.<\/i><\/b><\/p>\t\t\t\t\t\t\t\t<\/div>\n\t\t\t\t\t<\/div>\n\t\t<\/div>\n\t\t\t\t\t<\/div>\n\t\t<\/section>\n\t\t<div data-particle_enable=\"false\" data-particle-mobile-disabled=\"false\" class=\"elementor-element elementor-element-75ba0d1 e-flex e-con-boxed e-con e-parent\" data-id=\"75ba0d1\" data-element_type=\"container\" data-e-type=\"container\">\n\t\t\t\t\t<div class=\"e-con-inner\">\n\t\t\t\t<div class=\"elementor-element elementor-element-9db0699 elementor-widget elementor-widget-heading\" data-id=\"9db0699\" data-element_type=\"widget\" data-e-type=\"widget\" data-widget_type=\"heading.default\">\n\t\t\t\t\t<h2 class=\"elementor-heading-title elementor-size-default\">Conocer a nuestros socios y afiliados<\/h2>\t\t\t\t<\/div>\n\t\t\t\t\t<\/div>\n\t\t\t\t<\/div>\n\t\t<div data-particle_enable=\"false\" data-particle-mobile-disabled=\"false\" class=\"elementor-element elementor-element-4c4e1a7 e-flex e-con-boxed e-con e-parent\" data-id=\"4c4e1a7\" data-element_type=\"container\" data-e-type=\"container\">\n\t\t\t\t\t<div class=\"e-con-inner\">\n\t\t<div data-particle_enable=\"false\" data-particle-mobile-disabled=\"false\" class=\"elementor-element elementor-element-f9dcf9c e-con-full e-flex e-con e-child\" data-id=\"f9dcf9c\" data-element_type=\"container\" data-e-type=\"container\">\n\t\t\t\t<div class=\"elementor-element elementor-element-9684577 elementor-position-top elementor-widget elementor-widget-image-box\" data-id=\"9684577\" data-element_type=\"widget\" data-e-type=\"widget\" data-widget_type=\"image-box.default\">\n\t\t\t\t\t<div class=\"elementor-image-box-wrapper\"><figure class=\"elementor-image-box-img\"><a href=\"https:\/\/obpuk.org\/about\/\" tabindex=\"-1\"><img decoding=\"async\" width=\"354\" height=\"107\" src=\"https:\/\/rpighana.com\/wp-content\/uploads\/2023\/06\/OBP.png\" class=\"attachment-full size-full wp-image-132\" alt=\"\" srcset=\"https:\/\/rpighana.com\/wp-content\/uploads\/2023\/06\/OBP.png 354w, https:\/\/rpighana.com\/wp-content\/uploads\/2023\/06\/OBP-300x91.png 300w, https:\/\/rpighana.com\/wp-content\/uploads\/2023\/06\/OBP-18x5.png 18w, https:\/\/rpighana.com\/wp-content\/uploads\/2023\/06\/OBP-200x60.png 200w\" sizes=\"(max-width: 354px) 100vw, 354px\" \/><\/a><\/figure><div class=\"elementor-image-box-content\"><p class=\"elementor-image-box-description\">Nuestro primer objetivo es hacer que nuestros estudiantes adquieran t\u00edtulos de bajo coste elaborados de manera experta en las \u00e1reas de Comercio, Gesti\u00f3n, Marketing e Inform\u00e1tica.  A trav\u00e9s de una estrecha colaboraci\u00f3n con proveedores de formaci\u00f3n y actores importantes, nuestros equipos de ejecutivos expertos han dise\u00f1ado una tabla de cualificaciones innovadoras.  Estos diplomas internacionales est\u00e1n dise\u00f1ados para dotar a los alumnos de una s\u00f3lida base en competencias esenciales de gesti\u00f3n y conocimientos especiales adaptados a sus intereses y cualificaciones existentes.<\/p><\/div><\/div>\t\t\t\t<\/div>\n\t\t\t\t<div class=\"elementor-element elementor-element-109ca9b elementor-widget elementor-widget-button\" data-id=\"109ca9b\" data-element_type=\"widget\" data-e-type=\"widget\" data-widget_type=\"button.default\">\n\t\t\t\t\t\t\t\t\t\t<a class=\"elementor-button elementor-button-link elementor-size-sm\" href=\"https:\/\/obpuk.org\/about\/\" target=\"_blank\">\n\t\t\t\t\t\t<span class=\"elementor-button-content-wrapper\">\n\t\t\t\t\t\t\t\t\t<span class=\"elementor-button-text\">Descubrir+<\/span>\n\t\t\t\t\t<\/span>\n\t\t\t\t\t<\/a>\n\t\t\t\t\t\t\t\t<\/div>\n\t\t\t\t<\/div>\n\t\t<div data-particle_enable=\"false\" data-particle-mobile-disabled=\"false\" class=\"elementor-element elementor-element-7de1d39 e-con-full e-flex e-con e-child\" data-id=\"7de1d39\" data-element_type=\"container\" data-e-type=\"container\">\n\t\t\t\t<div class=\"elementor-element elementor-element-c8348ed elementor-position-top elementor-widget elementor-widget-image-box\" data-id=\"c8348ed\" data-element_type=\"widget\" data-e-type=\"widget\" data-widget_type=\"image-box.default\">\n\t\t\t\t\t<div class=\"elementor-image-box-wrapper\"><figure class=\"elementor-image-box-img\"><a href=\"http:\/\/unem.edu\/\" tabindex=\"-1\"><img loading=\"lazy\" decoding=\"async\" width=\"233\" height=\"73\" src=\"https:\/\/rpighana.com\/wp-content\/uploads\/2023\/07\/UNEM.jpg\" class=\"attachment-full size-full wp-image-301\" alt=\"\" srcset=\"https:\/\/rpighana.com\/wp-content\/uploads\/2023\/07\/UNEM.jpg 233w, https:\/\/rpighana.com\/wp-content\/uploads\/2023\/07\/UNEM-200x63.jpg 200w\" sizes=\"(max-width: 233px) 100vw, 233px\" \/><\/a><\/figure><div class=\"elementor-image-box-content\"><p class=\"elementor-image-box-description\"><br><br>La UNEM es una de las universidades internacionalmente reconocidas y aprobadas en Costa Rica. La universidad es tambi\u00e9n:\n- Aprobada por el Consejo Nacional de Acreditaci\u00f3n (NAB)\n- Catalogada por la UNESCO\n- Aprobada por el Consejo Universitaria Privada (CONESUP)\nPara m\u00e1s informaci\u00f3n, visite [el sitio web de la universidad] (http:\/\/unem.edu\/).\nLos estudiantes deben tener un MBA\/MSc en Costa Rica o Ghana.<\/p><\/div><\/div>\t\t\t\t<\/div>\n\t\t\t\t<div class=\"elementor-element elementor-element-f84c729 elementor-widget elementor-widget-button\" data-id=\"f84c729\" data-element_type=\"widget\" data-e-type=\"widget\" data-widget_type=\"button.default\">\n\t\t\t\t\t\t\t\t\t\t<a class=\"elementor-button elementor-button-link elementor-size-sm\" href=\"http:\/\/unem.edu\/\" target=\"_blank\">\n\t\t\t\t\t\t<span class=\"elementor-button-content-wrapper\">\n\t\t\t\t\t\t\t\t\t<span class=\"elementor-button-text\">Descubrir+<\/span>\n\t\t\t\t\t<\/span>\n\t\t\t\t\t<\/a>\n\t\t\t\t\t\t\t\t<\/div>\n\t\t\t\t<\/div>\n\t\t<div data-particle_enable=\"false\" data-particle-mobile-disabled=\"false\" class=\"elementor-element elementor-element-9571be2 e-con-full e-flex e-con e-child\" data-id=\"9571be2\" data-element_type=\"container\" data-e-type=\"container\">\n\t\t\t\t<div class=\"elementor-element elementor-element-d7e6fa9 elementor-position-top elementor-widget elementor-widget-image-box\" data-id=\"d7e6fa9\" data-element_type=\"widget\" data-e-type=\"widget\" data-widget_type=\"image-box.default\">\n\t\t\t\t\t<div class=\"elementor-image-box-wrapper\"><figure class=\"elementor-image-box-img\"><a href=\"http:\/\/unem.edu\/\" tabindex=\"-1\"><img loading=\"lazy\" decoding=\"async\" width=\"900\" height=\"272\" src=\"https:\/\/rpighana.com\/wp-content\/uploads\/2023\/07\/oaa_logo.jpg\" class=\"attachment-full size-full wp-image-298\" alt=\"\" srcset=\"https:\/\/rpighana.com\/wp-content\/uploads\/2023\/07\/oaa_logo.jpg 900w, https:\/\/rpighana.com\/wp-content\/uploads\/2023\/07\/oaa_logo-300x91.jpg 300w, https:\/\/rpighana.com\/wp-content\/uploads\/2023\/07\/oaa_logo-768x232.jpg 768w, https:\/\/rpighana.com\/wp-content\/uploads\/2023\/07\/oaa_logo-200x60.jpg 200w\" sizes=\"(max-width: 900px) 100vw, 900px\" \/><\/a><\/figure><div class=\"elementor-image-box-content\"><p class=\"elementor-image-box-description\">OAA Consulting est une organisation de conseil international avec une forte collaboration avec des organismes professionnels internationaux et des instituts acad\u00e9miques, y compris l'Universit\u00e9 des Affaires du Costa Rica (UNEM).\n\nOAA Consulting Ltd est \u00e9galement un centre enti\u00e8rement autoris\u00e9 et approuv\u00e9 par le Conseil National d'Accr\u00e9ditation  pour dispenser des programmes de dipl\u00f4mes internationaux de l'UNEM au Ghana.\n\nPour plus d'informations, veuillez visiter https:\/\/oaaghana.org\/.<\/p><\/div><\/div>\t\t\t\t<\/div>\n\t\t\t\t<div class=\"elementor-element elementor-element-bc25c18 elementor-widget elementor-widget-button\" data-id=\"bc25c18\" data-element_type=\"widget\" data-e-type=\"widget\" data-widget_type=\"button.default\">\n\t\t\t\t\t\t\t\t\t\t<a class=\"elementor-button elementor-button-link elementor-size-sm\" href=\"https:\/\/oaaghana.org\/\" target=\"_blank\">\n\t\t\t\t\t\t<span class=\"elementor-button-content-wrapper\">\n\t\t\t\t\t\t\t\t\t<span class=\"elementor-button-text\">Descubrir+<\/span>\n\t\t\t\t\t<\/span>\n\t\t\t\t\t<\/a>\n\t\t\t\t\t\t\t\t<\/div>\n\t\t\t\t<\/div>\n\t\t\t\t\t<\/div>\n\t\t\t\t<\/div>\n\t\t<div data-particle_enable=\"false\" data-particle-mobile-disabled=\"false\" class=\"elementor-element elementor-element-63f7bdb e-flex e-con-boxed e-con e-parent\" data-id=\"63f7bdb\" data-element_type=\"container\" data-e-type=\"container\">\n\t\t\t\t\t<div class=\"e-con-inner\">\n\t\t<div data-particle_enable=\"false\" data-particle-mobile-disabled=\"false\" class=\"elementor-element elementor-element-61ab05a e-con-full e-flex e-con e-child\" data-id=\"61ab05a\" data-element_type=\"container\" data-e-type=\"container\">\n\t\t\t\t<div class=\"elementor-element elementor-element-d6dd79a elementor-position-top elementor-widget elementor-widget-image-box\" data-id=\"d6dd79a\" data-element_type=\"widget\" data-e-type=\"widget\" data-widget_type=\"image-box.default\">\n\t\t\t\t\t<div class=\"elementor-image-box-wrapper\"><figure class=\"elementor-image-box-img\"><a href=\"https:\/\/obpuk.org\/about\/\" tabindex=\"-1\"><img loading=\"lazy\" decoding=\"async\" width=\"900\" height=\"271\" src=\"https:\/\/rpighana.com\/wp-content\/uploads\/2023\/07\/CAMBRIDGE-LOGO-NEW.jpg\" class=\"attachment-full size-full wp-image-295\" alt=\"\" srcset=\"https:\/\/rpighana.com\/wp-content\/uploads\/2023\/07\/CAMBRIDGE-LOGO-NEW.jpg 900w, https:\/\/rpighana.com\/wp-content\/uploads\/2023\/07\/CAMBRIDGE-LOGO-NEW-300x90.jpg 300w, https:\/\/rpighana.com\/wp-content\/uploads\/2023\/07\/CAMBRIDGE-LOGO-NEW-768x231.jpg 768w, https:\/\/rpighana.com\/wp-content\/uploads\/2023\/07\/CAMBRIDGE-LOGO-NEW-200x60.jpg 200w\" sizes=\"(max-width: 900px) 100vw, 900px\" \/><\/a><\/figure><div class=\"elementor-image-box-content\"><p class=\"elementor-image-box-description\">Nuestro primer objetivo es hacer que nuestros estudiantes adquieran t\u00edtulos de bajo coste elaborados de manera experta en las \u00e1reas de Comercio, Gesti\u00f3n, Marketing e Inform\u00e1tica.  A trav\u00e9s de una estrecha colaboraci\u00f3n con proveedores de formaci\u00f3n y actores importantes, nuestros equipos de ejecutivos expertos han dise\u00f1ado una tabla de cualificaciones innovadoras.  Estos diplomas internacionales est\u00e1n dise\u00f1ados para dotar a los alumnos de una s\u00f3lida base en competencias esenciales de gesti\u00f3n y conocimientos especiales adaptados a sus intereses y cualificaciones existentes.<\/p><\/div><\/div>\t\t\t\t<\/div>\n\t\t\t\t<div class=\"elementor-element elementor-element-cf4ae2f elementor-widget elementor-widget-button\" data-id=\"cf4ae2f\" data-element_type=\"widget\" data-e-type=\"widget\" data-widget_type=\"button.default\">\n\t\t\t\t\t\t\t\t\t\t<a class=\"elementor-button elementor-button-link elementor-size-sm\" href=\"https:\/\/www.cambridgecollege.co.uk\/\" target=\"_blank\">\n\t\t\t\t\t\t<span class=\"elementor-button-content-wrapper\">\n\t\t\t\t\t\t\t\t\t<span class=\"elementor-button-text\">Descubrir+<\/span>\n\t\t\t\t\t<\/span>\n\t\t\t\t\t<\/a>\n\t\t\t\t\t\t\t\t<\/div>\n\t\t\t\t<\/div>\n\t\t<div data-particle_enable=\"false\" data-particle-mobile-disabled=\"false\" class=\"elementor-element elementor-element-30db265 e-con-full e-flex e-con e-child\" data-id=\"30db265\" data-element_type=\"container\" data-e-type=\"container\">\n\t\t\t\t<div class=\"elementor-element elementor-element-abf132a elementor-position-top elementor-widget elementor-widget-image-box\" data-id=\"abf132a\" data-element_type=\"widget\" data-e-type=\"widget\" data-widget_type=\"image-box.default\">\n\t\t\t\t\t<div class=\"elementor-image-box-wrapper\"><figure class=\"elementor-image-box-img\"><a href=\"http:\/\/unem.edu\/\" tabindex=\"-1\"><img loading=\"lazy\" decoding=\"async\" width=\"900\" height=\"271\" src=\"https:\/\/rpighana.com\/wp-content\/uploads\/2023\/07\/ICM.jpg\" class=\"attachment-full size-full wp-image-296\" alt=\"\" srcset=\"https:\/\/rpighana.com\/wp-content\/uploads\/2023\/07\/ICM.jpg 900w, https:\/\/rpighana.com\/wp-content\/uploads\/2023\/07\/ICM-300x90.jpg 300w, https:\/\/rpighana.com\/wp-content\/uploads\/2023\/07\/ICM-768x231.jpg 768w, https:\/\/rpighana.com\/wp-content\/uploads\/2023\/07\/ICM-200x60.jpg 200w\" sizes=\"(max-width: 900px) 100vw, 900px\" \/><\/a><\/figure><div class=\"elementor-image-box-content\"><p class=\"elementor-image-box-description\">Como una organizaci\u00f3n que se grad\u00faa para el desarrollo de personal comercial, ICM ofrece una amplia variedad de t\u00edtulos profesionales en carreras de negocios, gesti\u00f3n y \u00e1reas de formaci\u00f3n relacionadas.  ICM apoya a los centros para que ofrezcan cualificaciones adecuadas que permitan a los alumnos realizar su potencial.  Consulte https:  www.icm.education<\/p><\/div><\/div>\t\t\t\t<\/div>\n\t\t\t\t<div class=\"elementor-element elementor-element-bce9964 elementor-widget elementor-widget-button\" data-id=\"bce9964\" data-element_type=\"widget\" data-e-type=\"widget\" data-widget_type=\"button.default\">\n\t\t\t\t\t\t\t\t\t\t<a class=\"elementor-button elementor-button-link elementor-size-sm\" href=\"http:\/\/unem.edu\/\" target=\"_blank\">\n\t\t\t\t\t\t<span class=\"elementor-button-content-wrapper\">\n\t\t\t\t\t\t\t\t\t<span class=\"elementor-button-text\">Descubrir+<\/span>\n\t\t\t\t\t<\/span>\n\t\t\t\t\t<\/a>\n\t\t\t\t\t\t\t\t<\/div>\n\t\t\t\t<\/div>\n\t\t<div data-particle_enable=\"false\" data-particle-mobile-disabled=\"false\" class=\"elementor-element elementor-element-36feca4 e-con-full e-flex e-con e-child\" data-id=\"36feca4\" data-element_type=\"container\" data-e-type=\"container\">\n\t\t\t\t<div class=\"elementor-element elementor-element-9f90d9e elementor-position-top elementor-widget elementor-widget-image-box\" data-id=\"9f90d9e\" data-element_type=\"widget\" data-e-type=\"widget\" data-widget_type=\"image-box.default\">\n\t\t\t\t\t<div class=\"elementor-image-box-wrapper\"><figure class=\"elementor-image-box-img\"><a href=\"http:\/\/unem.edu\/\" tabindex=\"-1\"><img loading=\"lazy\" decoding=\"async\" width=\"240\" height=\"100\" src=\"https:\/\/rpighana.com\/wp-content\/uploads\/2023\/07\/tquk-400w_240x240.jpg\" class=\"attachment-full size-full wp-image-591\" alt=\"\" srcset=\"https:\/\/rpighana.com\/wp-content\/uploads\/2023\/07\/tquk-400w_240x240.jpg 240w, https:\/\/rpighana.com\/wp-content\/uploads\/2023\/07\/tquk-400w_240x240-200x83.jpg 200w\" sizes=\"(max-width: 240px) 100vw, 240px\" \/><\/a><\/figure><div class=\"elementor-image-box-content\"><p class=\"elementor-image-box-description\">Nuestras cualificaciones son solo el comienzo para nuestros centros y sus alumnos . Las desarrollamos con el objetivo.  Somos humildes por la fe que nuestros clientes tienen en nosotros desde nuestra acreditaci\u00f3n en septiembre 2013 por la Oficina habilitada de UK 'Ofqual'' y mantenemos este compromiso al reflejarlo a trav\u00e9s de nuestra mejora constante en la entrega de nuestros mejores productos y servicios posibles. <\/p><\/div><\/div>\t\t\t\t<\/div>\n\t\t\t\t<div class=\"elementor-element elementor-element-6fb9b80 elementor-widget elementor-widget-button\" data-id=\"6fb9b80\" data-element_type=\"widget\" data-e-type=\"widget\" data-widget_type=\"button.default\">\n\t\t\t\t\t\t\t\t\t\t<a class=\"elementor-button elementor-button-link elementor-size-sm\" href=\"https:\/\/www.tquk.org\/\" target=\"_blank\">\n\t\t\t\t\t\t<span class=\"elementor-button-content-wrapper\">\n\t\t\t\t\t\t\t\t\t<span class=\"elementor-button-text\">Descubrir+<\/span>\n\t\t\t\t\t<\/span>\n\t\t\t\t\t<\/a>\n\t\t\t\t\t\t\t\t<\/div>\n\t\t\t\t<\/div>\n\t\t\t\t\t<\/div>\n\t\t\t\t<\/div>\n\t\t\t\t<\/div>","protected":false},"excerpt":{"rendered":"<p>Rubbenson Professional Institute is committed to providing high-quality education and professional training in various fields. With a focus on practical skills and career development, we empower students to excel in their industries and achieve their career goals.<\/p>","protected":false},"author":1,"featured_media":0,"parent":0,"menu_order":0,"comment_status":"closed","ping_status":"closed","template":"elementor_theme","meta":{"_joinchat":[],"footnotes":""},"class_list":["post-345","page","type-page","status-publish","hentry"],"_links":{"self":[{"href":"https:\/\/rpighana.com\/es\/wp-json\/wp\/v2\/pages\/345","targetHints":{"allow":["GET"]}}],"collection":[{"href":"https:\/\/rpighana.com\/es\/wp-json\/wp\/v2\/pages"}],"about":[{"href":"https:\/\/rpighana.com\/es\/wp-json\/wp\/v2\/types\/page"}],"author":[{"embeddable":true,"href":"https:\/\/rpighana.com\/es\/wp-json\/wp\/v2\/users\/1"}],"replies":[{"embeddable":true,"href":"https:\/\/rpighana.com\/es\/wp-json\/wp\/v2\/comments?post=345"}],"version-history":[{"count":110,"href":"https:\/\/rpighana.com\/es\/wp-json\/wp\/v2\/pages\/345\/revisions"}],"predecessor-version":[{"id":5633,"href":"https:\/\/rpighana.com\/es\/wp-json\/wp\/v2\/pages\/345\/revisions\/5633"}],"wp:attachment":[{"href":"https:\/\/rpighana.com\/es\/wp-json\/wp\/v2\/media?parent=345"}],"curies":[{"name":"wp","href":"https:\/\/api.w.org\/{rel}","templated":true}]}}